{"id":209239,"date":"2018-09-12T07:28:02","date_gmt":"2018-09-12T07:28:02","guid":{"rendered":"https:\/\/digipicture.fr\/corporate\/"},"modified":"2025-08-23T20:27:39","modified_gmt":"2025-08-23T19:27:39","slug":"corporate-2","status":"publish","type":"page","link":"https:\/\/digipicture.fr\/en\/corporate-2\/","title":{"rendered":"Corporate"},"content":{"rendered":"<div class=\"et_pb_section_0 et_pb_section et_section_regular et_flex_section\"><div class=\"et_pb_row_0 et_pb_row et_flex_row\"><div class=\"et_pb_column_0 et_pb_column et_flex_column et_pb_css_mix_blend_mode_passthrough et_flex_column_24_24 et_flex_column_24_24_tablet et_flex_column_24_24_phone\"><div class=\"et_pb_text_0 et_pb_text et_pb_bg_layout_dark et_pb_module et_flex_module\"><div class=\"et_pb_text_inner\"><h3>Un portrait<\/h3>\n<\/div><\/div><div class=\"et_pb_text_1 et_pb_text et_pb_bg_layout_light et_pb_module et_flex_module\"><div class=\"et_pb_text_inner\"><h2>Regarder - voir<\/h2>\n<p>Il est une \u00e9vidence que le genre du portrait occupe une place tr\u00e8s particuli\u00e8re dans l\u2019histoire de l\u2019art occidental.<\/p>\n<p>Tr\u00e8s vite apr\u00e8s son invention, la photographie \u00e9voluant avec l\u2019histoire sociale, th\u00e9ologique et plastique, \u00e0 l\u2019image de la peinture se consacre au portrait.<\/p>\n<p>Devenant le \u00ab\u00a0miroir qui se souvient,\u00a0assorti d\u2019un suppl\u00e9ment d\u2019\u00e2me\u00bb, son enjeu principal est de traduire et rendre visible les signaux identitaires de son mod\u00e8le que le photographe saura r\u00e9v\u00e9ler. Cette \u00e9piphanie pourra s\u2019attacher \u00e0 souligner un trait de caract\u00e8re utile au mod\u00e8le. Le photographe sera l\u00e0 pour guider le mod\u00e8le vers une destination d\u00e9cid\u00e9e \u00e0 l\u2019avance en fonction de la l\u2019affectation de l\u2019image produite.<\/p>\n<\/div><\/div><\/div><div class=\"et_pb_column_1 et_pb_column et-last-child et_flex_column et_pb_css_mix_blend_mode_passthrough et_flex_column_24_24 et_flex_column_24_24_tablet et_flex_column_24_24_phone\"><div class=\"et_pb_image_0 et_pb_image et_animated et_pb_module et_flex_module\"><span class=\"et_pb_image_wrap\"><img loading=\"lazy\" decoding=\"async\" src=\"https:\/\/digipicture.fr\/wp-content\/uploads\/2017\/02\/2017-Mateo-Cichacki-1796-1k9.jpg\" width=\"1280\" height=\"1920\" srcset=\"https:\/\/digipicture.fr\/wp-content\/uploads\/2017\/02\/2017-Mateo-Cichacki-1796-1k9.jpg 1280w, https:\/\/digipicture.fr\/wp-content\/uploads\/2017\/02\/2017-Mateo-Cichacki-1796-1k9-100x150.jpg 100w, https:\/\/digipicture.fr\/wp-content\/uploads\/2017\/02\/2017-Mateo-Cichacki-1796-1k9-200x300.jpg 200w, https:\/\/digipicture.fr\/wp-content\/uploads\/2017\/02\/2017-Mateo-Cichacki-1796-1k9-768x1152.jpg 768w, https:\/\/digipicture.fr\/wp-content\/uploads\/2017\/02\/2017-Mateo-Cichacki-1796-1k9-683x1024.jpg 683w, https:\/\/digipicture.fr\/wp-content\/uploads\/2017\/02\/2017-Mateo-Cichacki-1796-1k9-105x157.jpg 105w, https:\/\/digipicture.fr\/wp-content\/uploads\/2017\/02\/2017-Mateo-Cichacki-1796-1k9-267x400.jpg 267w, https:\/\/digipicture.fr\/wp-content\/uploads\/2017\/02\/2017-Mateo-Cichacki-1796-1k9-510x765.jpg 510w, https:\/\/digipicture.fr\/wp-content\/uploads\/2017\/02\/2017-Mateo-Cichacki-1796-1k9-610x915.jpg 610w, https:\/\/digipicture.fr\/wp-content\/uploads\/2017\/02\/2017-Mateo-Cichacki-1796-1k9-1080x1620.jpg 1080w\" sizes=\"(max-width: 1280px) 100vw, 1280px\" class=\"wp-image-30414\" alt=\"\" title=\"\"><\/span><\/div><\/div><\/div><\/div><div class=\"et_pb_section_1 et_pb_section et_section_regular et_flex_section\"><div class=\"et_pb_row_1 et_pb_row et_flex_row et_animated\"><div class=\"et_pb_column_2 et_pb_column et-last-child et_flex_column et_pb_css_mix_blend_mode_passthrough et_flex_column_24_24 et_flex_column_24_24_tablet et_flex_column_24_24_phone\"><div class=\"et_pb_text_2 et_pb_text et_pb_bg_layout_dark et_pb_module et_flex_module\"><div class=\"et_pb_text_inner\"><h3>La finalit\u00e9 d\u2019un portrait corporate ?<\/h3>\n<\/div><\/div><div class=\"et_pb_text_3 et_pb_text et_pb_bg_layout_dark et_animated et_pb_module et_flex_module\"><div class=\"et_pb_text_inner\"><p><b>D\u00e9couvrir qu\u2019au del\u00e0 du curriculum-vitae d\u2019un cadre ou le cheminement d\u2019une soci\u00e9t\u00e9, il existe d\u2019authentiques personnes humaines, d\u00e9tentrices de connaissances incroyables et de savoir faire sans limites..\u00a0<\/b><\/p>\n<\/div><\/div><\/div><\/div><div class=\"et_pb_row_2 et_pb_row et_flex_row\"><div class=\"et_pb_column_3 et_pb_column et_flex_column et_pb_css_mix_blend_mode_passthrough et_flex_column_24_24 et_flex_column_24_24_tablet et_flex_column_24_24_phone\"><div class=\"et_pb_blurb_0 et_pb_blurb et_pb_bg_layout_dark et_pb_text_align_center et_pb_blurb_position_top et_pb_module et_flex_module\"><div class=\"et_pb_blurb_content et_flex_module\"><div class=\"et_pb_main_blurb_image\"><span class=\"et_pb_image_wrap et_pb_only_image_mode_wrap\"><img loading=\"lazy\" decoding=\"async\" src=\"https:\/\/digipicture.fr\/wp-content\/uploads\/2018\/05\/studio-background-107.png\" width=\"107\" height=\"76\" srcset=\"https:\/\/digipicture.fr\/wp-content\/uploads\/2018\/05\/studio-background-107.png 107w\" sizes=\"(max-width: 107px) 100vw, 107px\" class=\"wp-image-207241\" alt=\"\" title=\"\"><\/span><\/div><div class=\"et_pb_blurb_container\"><h4 class=\"et_pb_module_header\">In the Studio<\/h4><div class=\"et_pb_blurb_description\"><p>Au studio lou\u00e9 pour l'occasion<br \/>\nou improvis\u00e9 dans vos locaux.<\/p>\n<\/div><\/div><\/div><\/div><\/div><div class=\"et_pb_column_4 et_pb_column et-last-child et_flex_column et_pb_css_mix_blend_mode_passthrough et_flex_column_24_24 et_flex_column_24_24_tablet et_flex_column_24_24_phone\"><div class=\"et_pb_blurb_1 et_pb_blurb et_pb_bg_layout_dark et_pb_text_align_center et_pb_blurb_position_top et_pb_module et_flex_module\"><div class=\"et_pb_blurb_content et_flex_module\"><div class=\"et_pb_main_blurb_image\"><span class=\"et_pb_image_wrap et_pb_only_image_mode_wrap\"><img loading=\"lazy\" decoding=\"async\" src=\"https:\/\/digipicture.fr\/wp-content\/uploads\/2018\/06\/portrait-en-situation-107.png\" width=\"107\" height=\"76\" srcset=\"https:\/\/digipicture.fr\/wp-content\/uploads\/2018\/06\/portrait-en-situation-107.png 107w\" sizes=\"(max-width: 107px) 100vw, 107px\" class=\"wp-image-207285\" alt=\"\" title=\"\"><\/span><\/div><div class=\"et_pb_blurb_container\"><h4 class=\"et_pb_module_header\">On location<\/h4><div class=\"et_pb_blurb_description\"><p>Portrait en ext\u00e9rieur sur le site<br \/>\nde l'entreprise ou embl\u00e9matique.<\/p>\n<\/div><\/div><\/div><\/div><\/div><\/div><\/div><div class=\"et_pb_section_2 et_pb_section et_section_regular et_flex_section\"><div class=\"et_pb_row_3 et_pb_row et_flex_row\"><div class=\"et_pb_column_5 et_pb_column et_flex_column et_pb_css_mix_blend_mode_passthrough et_flex_column_24_24 et_flex_column_24_24_tablet et_flex_column_24_24_phone\"><div class=\"et_pb_image_1 et_pb_image et_animated et_pb_module et_flex_module\"><span class=\"et_pb_image_wrap\"><img loading=\"lazy\" decoding=\"async\" src=\"https:\/\/digipicture.fr\/wp-content\/uploads\/2014\/02\/PabloPreview.jpg\" width=\"639\" height=\"478\" srcset=\"https:\/\/digipicture.fr\/wp-content\/uploads\/2014\/02\/PabloPreview.jpg 639w, https:\/\/digipicture.fr\/wp-content\/uploads\/2014\/02\/PabloPreview-150x112.jpg 150w, https:\/\/digipicture.fr\/wp-content\/uploads\/2014\/02\/PabloPreview-300x224.jpg 300w, https:\/\/digipicture.fr\/wp-content\/uploads\/2014\/02\/PabloPreview-157x117.jpg 157w, https:\/\/digipicture.fr\/wp-content\/uploads\/2014\/02\/PabloPreview-400x299.jpg 400w, https:\/\/digipicture.fr\/wp-content\/uploads\/2014\/02\/PabloPreview-510x382.jpg 510w, https:\/\/digipicture.fr\/wp-content\/uploads\/2014\/02\/PabloPreview-610x456.jpg 610w\" sizes=\"(max-width: 639px) 100vw, 639px\" class=\"wp-image-1054\" alt=\"\" title=\"\"><\/span><\/div><div class=\"et_pb_image_2 et_pb_image et_animated et_pb_module et_flex_module\"><span class=\"et_pb_image_wrap\"><img loading=\"lazy\" decoding=\"async\" src=\"https:\/\/digipicture.fr\/wp-content\/uploads\/2014\/02\/Patr__ciaSoleyBeltran.jpg\" width=\"635\" height=\"475\" srcset=\"https:\/\/digipicture.fr\/wp-content\/uploads\/2014\/02\/Patr__ciaSoleyBeltran.jpg 635w, https:\/\/digipicture.fr\/wp-content\/uploads\/2014\/02\/Patr__ciaSoleyBeltran-150x112.jpg 150w, https:\/\/digipicture.fr\/wp-content\/uploads\/2014\/02\/Patr__ciaSoleyBeltran-300x224.jpg 300w, https:\/\/digipicture.fr\/wp-content\/uploads\/2014\/02\/Patr__ciaSoleyBeltran-157x117.jpg 157w, https:\/\/digipicture.fr\/wp-content\/uploads\/2014\/02\/Patr__ciaSoleyBeltran-400x299.jpg 400w, https:\/\/digipicture.fr\/wp-content\/uploads\/2014\/02\/Patr__ciaSoleyBeltran-510x382.jpg 510w, https:\/\/digipicture.fr\/wp-content\/uploads\/2014\/02\/Patr__ciaSoleyBeltran-610x456.jpg 610w\" sizes=\"(max-width: 635px) 100vw, 635px\" class=\"wp-image-1055\" alt=\"\" title=\"\"><\/span><\/div><\/div><div class=\"et_pb_column_6 et_pb_column et-last-child et_flex_column et_pb_css_mix_blend_mode_passthrough et_flex_column_24_24 et_flex_column_24_24_tablet et_flex_column_24_24_phone\"><div class=\"et_pb_text_4 et_pb_text et_pb_bg_layout_light et_pb_module et_flex_module\"><div class=\"et_pb_text_inner\"><h3>Le meilleur<\/h3>\n<\/div><\/div><div class=\"et_pb_divider_0 et_pb_divider et_pb_space et_pb_divider_position_top et_pb_module\"><div class=\"et_pb_divider_internal\"><\/div><\/div><div class=\"et_pb_text_5 et_pb_text et_pb_bg_layout_light et_pb_module et_flex_module\"><div class=\"et_pb_text_inner\"><h2>Stature &amp; D\u00e9contraction<\/h2>\n<p>Le\u00a0portrait corporate que je fait vous montre sous votre meilleur jour et t\u00e9moigne de votre implication dans votre position. Mes conseils professionnels vous mettront \u00e0 l\u2019aise et je vous guiderai au mieux dans les poses \u00e0 prendre pour tirer le meilleur de votre image en mettant en avant vos atouts. Si la prise de vue est moins formelle que celle d'un annuaire, nous chercherons l'endroit dans votre soci\u00e9t\u00e9 et autour pour vous faire poser dans un contexte agr\u00e9able.<\/p>\n<\/div><\/div><\/div><\/div><\/div><div class=\"et_pb_section_3 et_pb_section et_section_regular et_flex_section\"><div class=\"et_pb_row_4 et_pb_row et_flex_row\"><div class=\"et_pb_column_7 et_pb_column et_flex_column et_pb_css_mix_blend_mode_passthrough et_flex_column_24_24 et_flex_column_24_24_tablet et_flex_column_24_24_phone\"><div class=\"et_pb_text_6 et_pb_text et_pb_bg_layout_dark et_pb_module et_flex_module\"><div class=\"et_pb_text_inner\"><h3>Partout dans le monde<\/h3>\n<\/div><\/div><div class=\"et_pb_divider_1 et_pb_divider et_pb_space et_pb_divider_position_top et_pb_module\"><div class=\"et_pb_divider_internal\"><\/div><\/div><div class=\"et_pb_text_7 et_pb_text et_pb_bg_layout_light et_pb_module et_flex_module\"><div class=\"et_pb_text_inner\"><h2>Un studio embarqu\u00e9 sur la terre.<\/h2>\n<p>J'exerce beaucoup ma photographie en Ile-de-France. Je me d\u00e9place avec de la lumi\u00e8re de type studio ( l\u00e9ger ou plut\u00f4t mobile... )<br \/>\nMa pr\u00e9sence \u00e0 votre domicile vous offre une tranquillit\u00e9 disponibilit\u00e9 et confort in\u00e9gal\u00e9e. Vous serez alors en confiance et plus \u00e0 l\u2019aise pour la s\u00e9ance o\u00f9 vous apparaitrez plus naturels et d\u00e9contract\u00e9s. Ces s\u00e9ances \u00e0 domicile vous offre \u00e9galement la possibilit\u00e9 de changer simplement et rapidement de tenue pour des images plus vari\u00e9es. Nous pourrons alors m\u00e9langer lumi\u00e8re naturelle et lumi\u00e8re maitris\u00e9e.<\/p>\n<\/div><\/div><\/div><div class=\"et_pb_column_8 et_pb_column et-last-child et_flex_column et_pb_css_mix_blend_mode_passthrough et_flex_column_24_24 et_flex_column_24_24_tablet et_flex_column_24_24_phone\"><div class=\"et_pb_image_3 et_pb_image et_animated et_pb_module et_flex_module\"><span class=\"et_pb_image_wrap\"><img loading=\"lazy\" decoding=\"async\" src=\"https:\/\/digipicture.fr\/wp-content\/uploads\/2018\/06\/veronique-nichanian_MG_2457_1024pix.jpg\" width=\"1024\" height=\"683\" srcset=\"https:\/\/digipicture.fr\/wp-content\/uploads\/2018\/06\/veronique-nichanian_MG_2457_1024pix.jpg 1024w, https:\/\/digipicture.fr\/wp-content\/uploads\/2018\/06\/veronique-nichanian_MG_2457_1024pix-150x100.jpg 150w, https:\/\/digipicture.fr\/wp-content\/uploads\/2018\/06\/veronique-nichanian_MG_2457_1024pix-300x200.jpg 300w, https:\/\/digipicture.fr\/wp-content\/uploads\/2018\/06\/veronique-nichanian_MG_2457_1024pix-768x512.jpg 768w, https:\/\/digipicture.fr\/wp-content\/uploads\/2018\/06\/veronique-nichanian_MG_2457_1024pix-610x407.jpg 610w\" sizes=\"(max-width: 1024px) 100vw, 1024px\" class=\"wp-image-207266\" alt=\"\" title=\"\"><\/span><\/div><\/div><\/div><\/div><div class=\"et_pb_section_4 et_pb_section et_section_regular et_flex_section\"><div class=\"et_pb_row_5 et_pb_row et_flex_row\"><div class=\"et_pb_column_9 et_pb_column et-last-child et_flex_column et_pb_css_mix_blend_mode_passthrough et_flex_column_24_24 et_flex_column_24_24_tablet et_flex_column_24_24_phone\"><\/div><\/div><\/div><div class=\"et_pb_section_5 et_pb_section et_pb_fullwidth_section et_section_regular et_flex_section\"><div class=\"et_pb_fullwidth_image_0 et_pb_fullwidth_image et_animated et_pb_module\"><img loading=\"lazy\" decoding=\"async\" src=\"https:\/\/digipicture.fr\/wp-content\/uploads\/2015\/02\/pablosimonetti_5673_a4.jpg\" width=\"3543\" height=\"2362\" srcset=\"https:\/\/digipicture.fr\/wp-content\/uploads\/2015\/02\/pablosimonetti_5673_a4.jpg 3543w, https:\/\/digipicture.fr\/wp-content\/uploads\/2015\/02\/pablosimonetti_5673_a4-150x100.jpg 150w, https:\/\/digipicture.fr\/wp-content\/uploads\/2015\/02\/pablosimonetti_5673_a4-300x200.jpg 300w, https:\/\/digipicture.fr\/wp-content\/uploads\/2015\/02\/pablosimonetti_5673_a4-768x512.jpg 768w, https:\/\/digipicture.fr\/wp-content\/uploads\/2015\/02\/pablosimonetti_5673_a4-1024x683.jpg 1024w, https:\/\/digipicture.fr\/wp-content\/uploads\/2015\/02\/pablosimonetti_5673_a4-157x105.jpg 157w, https:\/\/digipicture.fr\/wp-content\/uploads\/2015\/02\/pablosimonetti_5673_a4-400x267.jpg 400w, https:\/\/digipicture.fr\/wp-content\/uploads\/2015\/02\/pablosimonetti_5673_a4-510x340.jpg 510w, https:\/\/digipicture.fr\/wp-content\/uploads\/2015\/02\/pablosimonetti_5673_a4-610x407.jpg 610w, https:\/\/digipicture.fr\/wp-content\/uploads\/2015\/02\/pablosimonetti_5673_a4-1080x720.jpg 1080w\" sizes=\"(max-width: 3543px) 100vw, 3543px\" class=\"wp-image-1986\" alt=\"\" title=\"\"><\/div><\/div><div class=\"et_pb_section_6 et_pb_section et_section_regular et_flex_section\"><div class=\"et_pb_row_6 et_pb_row et_flex_row\"><div class=\"et_pb_column_10 et_pb_column et_flex_column et_pb_css_mix_blend_mode_passthrough et_flex_column_24_24 et_flex_column_24_24_tablet et_flex_column_24_24_phone\"><div class=\"et_pb_text_8 et_pb_text et_pb_bg_layout_dark et_pb_module et_flex_module\"><div class=\"et_pb_text_inner\"><h2>Ensemble, Faisons votre portrait.<\/h2>\n<p>Prenez contact d\u00e8s aujourd'hui pour votre prochaine s\u00e9ance et parlons en autour d'un caf\u00e9 : Laissez-moi un message<\/p>\n<p><strong>chris@digipicture<\/strong><br \/><strong>30, rue des Roses, Paris, FR<\/strong><br \/> <strong>+33 (0) 660 50 35 82<\/strong><\/p>\n<\/div><\/div><\/div><div class=\"et_pb_column_11 et_pb_column et-last-child et_flex_column et_pb_css_mix_blend_mode_passthrough et_flex_column_24_24 et_flex_column_24_24_tablet et_flex_column_24_24_phone\">\n\t\t\t<div id=\"et_pb_contact_form_0\" class=\"et_pb_module et_d4_element et_pb_contact_form_0 et_pb_recaptcha_enabled et_pb_contact_form_container clearfix et_block_module\" data-form_unique_num=\"0\" data-form_unique_id=\"\">\n\t\t\t\t\n\t\t\t\t\n\t\t\t\t\n\t\t\t\t\n\t\t\t\t\n\t\t\t\t<div class=\"et-pb-contact-message\"><\/div>\n\t\t\t\t\n\t\t\t\t<div class=\"et_pb_contact\">\n\t\t\t\t\t<form class=\"et_pb_contact_form clearfix\" method=\"post\" action=\"https:\/\/digipicture.fr\/en\/wp-json\/wp\/v2\/pages\/209239\">\n\t\t\t\t\t\t<p class=\"et_d4_element et_pb_contact_field et_pb_contact_field_0 et_pb_contact_field_half\" data-id=\"name\" data-type=\"input\">\n\t\t\t\t\n\t\t\t\t\n\t\t\t\t\n\t\t\t\t\n\t\t\t\t<label for=\"et_pb_contact_name_0\" class=\"et_pb_contact_form_label\">Your name<\/label>\n\t\t\t\t<input type=\"text\" id=\"et_pb_contact_name_0\" class=\"input\" value=\"\" name=\"et_pb_contact_name_0\" data-required_mark=\"required\" data-field_type=\"input\" data-original_id=\"name\" placeholder=\"Your name\">\n\t\t\t<\/p><p class=\"et_d4_element et_pb_contact_field et_pb_contact_field_1 et_pb_contact_field_half et_pb_contact_field_last\" data-id=\"email\" data-type=\"email\">\n\t\t\t\t\n\t\t\t\t\n\t\t\t\t\n\t\t\t\t\n\t\t\t\t<label for=\"et_pb_contact_email_0\" class=\"et_pb_contact_form_label\">Your email address<\/label>\n\t\t\t\t<input type=\"text\" id=\"et_pb_contact_email_0\" class=\"input\" value=\"\" name=\"et_pb_contact_email_0\" data-required_mark=\"required\" data-field_type=\"email\" data-original_id=\"email\" placeholder=\"Your email address\">\n\t\t\t<\/p><p class=\"et_d4_element et_pb_contact_field et_pb_contact_field_2 et_pb_contact_field_half\" data-id=\"phone\" data-type=\"input\">\n\t\t\t\t\n\t\t\t\t\n\t\t\t\t\n\t\t\t\t\n\t\t\t\t<label for=\"et_pb_contact_phone_0\" class=\"et_pb_contact_form_label\">Your phone <\/label>\n\t\t\t\t<input type=\"text\" id=\"et_pb_contact_phone_0\" class=\"input\" value=\"\" name=\"et_pb_contact_phone_0\" data-required_mark=\"not_required\" data-field_type=\"input\" data-original_id=\"phone\" placeholder=\"Your phone \">\n\t\t\t<\/p><p class=\"et_d4_element et_pb_contact_field et_pb_contact_field_3 et_pb_contact_field_half et_pb_contact_field_last\" data-id=\"pa-date-time-picker\" data-type=\"input\">\n\t\t\t\t\n\t\t\t\t\n\t\t\t\t\n\t\t\t\t\n\t\t\t\t<label for=\"et_pb_contact_pa-date-time-picker_0\" class=\"et_pb_contact_form_label\">Shooting planned date<\/label>\n\t\t\t\t<input type=\"text\" id=\"et_pb_contact_pa-date-time-picker_0\" class=\"input\" value=\"\" name=\"et_pb_contact_pa-date-time-picker_0\" data-required_mark=\"not_required\" data-field_type=\"input\" data-original_id=\"pa-date-time-picker\" placeholder=\"Shooting planned date\">\n\t\t\t<\/p><p class=\"et_d4_element et_pb_contact_field et_pb_contact_field_4 et_pb_contact_field_last\" data-id=\"message\" data-type=\"text\">\n\t\t\t\t\n\t\t\t\t\n\t\t\t\t\n\t\t\t\t\n\t\t\t\t<label for=\"et_pb_contact_message_0\" class=\"et_pb_contact_form_label\">Your message<\/label>\n\t\t\t\t<textarea name=\"et_pb_contact_message_0\" id=\"et_pb_contact_message_0\" class=\"et_pb_contact_message input\" data-required_mark=\"required\" data-field_type=\"text\" data-original_id=\"message\" placeholder=\"Your message\"><\/textarea>\n\t\t\t<\/p>\n\t\t\t\t\t\t<input type=\"hidden\" value=\"et_contact_proccess\" name=\"et_pb_contactform_submit_0\"\/>\n\t\t\t\t\t\t<div class=\"et_contact_bottom_container\">\n\t\t\t\t\t\t\t\n\t\t\t\t\t\t\t<button type=\"submit\" name=\"et_builder_submit_button\" class=\"et_pb_contact_submit et_pb_button\" data-icon=\"\ue010\">SEND NOW<\/button>\n\t\t\t\t\t\t<\/div>\n\t\t\t\t\t\t<input type=\"hidden\" id=\"_wpnonce-et-pb-contact-form-submitted-0\" name=\"_wpnonce-et-pb-contact-form-submitted-0\" value=\"cd1a38c37d\" \/><input type=\"hidden\" name=\"_wp_http_referer\" value=\"\/en\/wp-json\/wp\/v2\/pages\/209239\" \/>\n\t\t\t\t\t<\/form>\n\t\t\t\t<\/div>\n\t\t\t<\/div>\n\t\t\t<\/div><\/div><\/div>","protected":false},"excerpt":{"rendered":"<p>The &#8220;corporate&#8221; portraits made by Christophe Glaudel will have various destinations like for example a use on the Linkedin pages. Each person photographed benefits a personalized approach. The beautiful professional image produced will be an asset for you, whether you are looking for a job or consolidating your business or take new position within your company. This shot will be your best ambassador.<\/p>\n","protected":false},"author":2,"featured_media":243748,"parent":0,"menu_order":0,"comment_status":"closed","ping_status":"closed","template":"","meta":{"_et_pb_use_builder":"on","_et_pb_old_content":"","_et_gb_content_width":"","footnotes":""},"class_list":["post-209239","page","type-page","status-publish","has-post-thumbnail","hentry"],"_links":{"self":[{"href":"https:\/\/digipicture.fr\/en\/wp-json\/wp\/v2\/pages\/209239","targetHints":{"allow":["GET"]}}],"collection":[{"href":"https:\/\/digipicture.fr\/en\/wp-json\/wp\/v2\/pages"}],"about":[{"href":"https:\/\/digipicture.fr\/en\/wp-json\/wp\/v2\/types\/page"}],"author":[{"embeddable":true,"href":"https:\/\/digipicture.fr\/en\/wp-json\/wp\/v2\/users\/2"}],"replies":[{"embeddable":true,"href":"https:\/\/digipicture.fr\/en\/wp-json\/wp\/v2\/comments?post=209239"}],"version-history":[{"count":5,"href":"https:\/\/digipicture.fr\/en\/wp-json\/wp\/v2\/pages\/209239\/revisions"}],"predecessor-version":[{"id":245686,"href":"https:\/\/digipicture.fr\/en\/wp-json\/wp\/v2\/pages\/209239\/revisions\/245686"}],"wp:featuredmedia":[{"embeddable":true,"href":"https:\/\/digipicture.fr\/en\/wp-json\/wp\/v2\/media\/243748"}],"wp:attachment":[{"href":"https:\/\/digipicture.fr\/en\/wp-json\/wp\/v2\/media?parent=209239"}],"curies":[{"name":"wp","href":"https:\/\/api.w.org\/{rel}","templated":true}]}}