{"id":209373,"date":"2018-09-12T08:58:58","date_gmt":"2018-09-12T08:58:58","guid":{"rendered":"https:\/\/digipicture.fr\/page-404\/"},"modified":"2025-08-23T20:32:22","modified_gmt":"2025-08-23T19:32:22","slug":"page-404","status":"publish","type":"page","link":"https:\/\/digipicture.fr\/en\/page-404\/","title":{"rendered":"page 404-2"},"content":{"rendered":"<div class=\"et_pb_section_0 et_pb_section et_pb_fullwidth_section et_section_regular et_flex_section\"><section class=\"et_pb_fullwidth_header_0 et_pb_fullwidth_header et_pb_fullscreen et_pb_bg_layout_dark et_pb_text_align_center et_pb_section_parallax et_pb_module et_flex_module\"><span class=\"et-pb-parallax-wrapper\"><span class=\"et-pb-parallax-background et-pb-parallax-background-module--divi-fullwidth-header-0\" style=\"background-image:url(https:\/\/digipicture.fr\/wp-content\/uploads\/2018\/06\/l0a9981-cour-elysee-pano-1798.jpg)\"><\/span><\/span><div class=\"et_pb_fullwidth_header_container center\"><div class=\"header-content-container center\"><div class=\"header-content et_flex_module\"><h1 class=\"et_pb_module_header\">O\u00f9 vouliez-vous aller ?<\/h1><span class=\"et_pb_fullwidth_header_subhead\">Ceci est une erreur 404 !<\/span><div class=\"et_pb_header_content_wrapper\"><p>La page que vous avez demand\u00e9e n\u2019a pas \u00e9t\u00e9 trouv\u00e9e. Il se peut que le lien que vous avez utilis\u00e9 soit rompu ou que vous ayez tap\u00e9 l\u2019adresse (URL) incorrectement.<\/p>\n<\/div><div class=\"et_pb_header_button_wrapper\"><a class=\"et_pb_button et_pb_more_button et_pb_button_one\" href=\"https:\/\/digipicture.fr\/derniers-projets\/\">Les photographies<\/a><a class=\"et_pb_button et_pb_more_button et_pb_button_two\" href=\"https:\/\/digipicture.fr\/\">Accueil du site<\/a><\/div><\/div><\/div><\/div><div class=\"et_pb_fullwidth_header_overlay\"><\/div><div class=\"et_pb_fullwidth_header_scroll\"><a class=\"scroll-down-container\" href=\"#\"><span class=\"scroll-down et-pb-icon\">;<\/span><\/a><\/div><\/section><\/div><div class=\"et_pb_section_1 et_pb_section et_pb_fullwidth_section et_section_regular et_flex_section et_pb_section_parallax\"><span class=\"et-pb-parallax-wrapper\"><span class=\"et-pb-parallax-background et-pb-parallax-background-module--divi-section-1\" style=\"background-image:url(https:\/\/digipicture.fr\/wp-content\/uploads\/2018\/06\/cover-phone-404-elysee-verti-1k9.jpg)\"><\/span><\/span><section class=\"et_pb_fullwidth_header_1 et_pb_fullwidth_header et_pb_fullscreen et_pb_bg_layout_dark et_pb_text_align_center et_animated et_pb_module et_flex_module\"><div class=\"et_pb_fullwidth_header_container center\"><div class=\"header-content-container center\"><div class=\"header-content et_flex_module\"><h1 class=\"et_pb_module_header\">Petite erreur 404<\/h1><span class=\"et_pb_fullwidth_header_subhead\">La partie du site demand\u00e9e est manquante ou d\u00e9plac\u00e9e<\/span><div class=\"et_pb_header_button_wrapper\"><a class=\"et_pb_button et_pb_more_button et_pb_button_one\" href=\"https:\/\/digipicture.fr\/derniers-projets\/\">Les Photographies<\/a><a class=\"et_pb_button et_pb_more_button et_pb_button_two\" href=\"https:\/\/digipicture.fr\/\">Accueil du site<\/a><\/div><\/div><\/div><\/div><div class=\"et_pb_fullwidth_header_overlay\"><\/div><div class=\"et_pb_fullwidth_header_scroll\"><a class=\"scroll-down-container\" href=\"#\"><span class=\"scroll-down et-pb-icon\">;<\/span><\/a><\/div><\/section><\/div><div class=\"et_pb_section_2 et_pb_section et_section_regular et_flex_section\"><div class=\"et_pb_row_0 et_pb_row et_flex_row\"><div class=\"et_pb_column_0 et_pb_column et-last-child et_flex_column et_pb_css_mix_blend_mode_passthrough et_flex_column_24_24 et_flex_column_24_24_tablet et_flex_column_24_24_phone\"><div class=\"et_pb_text_0 et_pb_text et_pb_bg_layout_light et_pb_module et_flex_module\"><div class=\"et_pb_text_inner\"><h2>404 - Le document est introuvable !<\/h2>\n<p>Le site Digipicture du travail de Christophe Glaudel a \u00e9t\u00e9 compl\u00e8tement repens\u00e9 et r\u00e9organis\u00e9 en juin 2018. Voici quelques liens pour retrouver les images :<\/p>\n<\/div><\/div><div class=\"et_pb_text_1 et_pb_text et_pb_bg_layout_light et_pb_module et_flex_module\"><div class=\"et_pb_text_inner\"><h3>Acc\u00e9der aux travaux photographiques :<\/h3>\n<p><a href=\"https:\/\/digipicture.fr\/derniers-projets\/\">Les derniers projets r\u00e9alis\u00e9s<\/a><\/p>\n<p><a href=\"https:\/\/digipicture.fr\/24-images-2\/\">Un choix de vid\u00e9os<\/a><\/p>\n<\/div><\/div><div class=\"et_pb_divider_0 et_pb_divider et_pb_space et_pb_divider_position_top et_pb_module\"><div class=\"et_pb_divider_internal\"><\/div><\/div><\/div><\/div><\/div>","protected":false},"excerpt":{"rendered":"","protected":false},"author":2,"featured_media":0,"parent":0,"menu_order":0,"comment_status":"closed","ping_status":"closed","template":"","meta":{"footnotes":""},"class_list":["post-209373","page","type-page","status-publish","hentry"],"_links":{"self":[{"href":"https:\/\/digipicture.fr\/en\/wp-json\/wp\/v2\/pages\/209373","targetHints":{"allow":["GET"]}}],"collection":[{"href":"https:\/\/digipicture.fr\/en\/wp-json\/wp\/v2\/pages"}],"about":[{"href":"https:\/\/digipicture.fr\/en\/wp-json\/wp\/v2\/types\/page"}],"author":[{"embeddable":true,"href":"https:\/\/digipicture.fr\/en\/wp-json\/wp\/v2\/users\/2"}],"replies":[{"embeddable":true,"href":"https:\/\/digipicture.fr\/en\/wp-json\/wp\/v2\/comments?post=209373"}],"version-history":[{"count":5,"href":"https:\/\/digipicture.fr\/en\/wp-json\/wp\/v2\/pages\/209373\/revisions"}],"predecessor-version":[{"id":245695,"href":"https:\/\/digipicture.fr\/en\/wp-json\/wp\/v2\/pages\/209373\/revisions\/245695"}],"wp:attachment":[{"href":"https:\/\/digipicture.fr\/en\/wp-json\/wp\/v2\/media?parent=209373"}],"curies":[{"name":"wp","href":"https:\/\/api.w.org\/{rel}","templated":true}]}}