{"id":209533,"date":"2018-09-17T12:44:50","date_gmt":"2018-09-17T12:44:50","guid":{"rendered":"https:\/\/digipicture.fr\/mobili\/"},"modified":"2025-08-23T20:31:27","modified_gmt":"2025-08-23T19:31:27","slug":"mobili","status":"publish","type":"page","link":"https:\/\/digipicture.fr\/it\/mobili\/","title":{"rendered":"Mobili"},"content":{"rendered":"<div class=\"et_pb_section_0 et_pb_section et_section_regular et_flex_section\"><div class=\"et_pb_row_0 et_pb_row et_flex_row\"><div class=\"et_pb_column_0 et_pb_column et_flex_column et_pb_css_mix_blend_mode_passthrough et_flex_column_24_24 et_flex_column_24_24_tablet et_flex_column_24_24_phone\"><div class=\"et_pb_text_0 et_pb_text et_pb_bg_layout_dark et_pb_module et_flex_module\"><div class=\"et_pb_text_inner\"><h3>Grandes Ambiances<\/h3>\n<\/div><\/div><div class=\"et_pb_text_1 et_pb_text et_pb_bg_layout_light et_pb_module et_flex_module\"><div class=\"et_pb_text_inner\"><h2>Installons le mobilier<\/h2>\n<p>Photographier un meuble c'est comme en faire un portrait.<\/p>\n<p>On peut le photographier seul ou dans un environnement adapt\u00e9 \u00e0 sa prestance. On peut m\u00eame l'inviter au studio et \u00a0reconstruire un environnement imaginaire et disposer cet \u00e9l\u00e9ment pour qu'il y soit tout \u00e0 son avantage.<br \/>\nQue ce soit un meuble ou un objet de d\u00e9coration, le photographier est toujours un exercice de style et une recherche de l'\u00e9clairage id\u00e9al.<\/p>\n<\/div><\/div><div class=\"et_pb_module et_pb_button_module_wrapper et_pb_button_0_wrapper\"><a class=\"et_pb_button_0 et_pb_button et_pb_bg_layout_dark et_pb_module et_flex_module\" href=\"https:\/\/digipicture.fr\/it\/portfolio\/#project_category-278\">Il mio lavoro di photo<\/a><\/div><\/div><div class=\"et_pb_column_1 et_pb_column et-last-child et_flex_column et_pb_css_mix_blend_mode_passthrough et_flex_column_24_24 et_flex_column_24_24_tablet et_flex_column_24_24_phone\"><div class=\"et_pb_image_0 et_pb_image et_animated et_pb_module et_flex_module\"><span class=\"et_pb_image_wrap\"><img loading=\"lazy\" decoding=\"async\" src=\"https:\/\/digipicture.fr\/wp-content\/uploads\/2017\/07\/USM-DP-Salon-clair-0269-1k9.jpg\" width=\"1280\" height=\"1920\" srcset=\"https:\/\/digipicture.fr\/wp-content\/uploads\/2017\/07\/USM-DP-Salon-clair-0269-1k9.jpg 1280w, https:\/\/digipicture.fr\/wp-content\/uploads\/2017\/07\/USM-DP-Salon-clair-0269-1k9-100x150.jpg 100w, https:\/\/digipicture.fr\/wp-content\/uploads\/2017\/07\/USM-DP-Salon-clair-0269-1k9-200x300.jpg 200w, https:\/\/digipicture.fr\/wp-content\/uploads\/2017\/07\/USM-DP-Salon-clair-0269-1k9-768x1152.jpg 768w, https:\/\/digipicture.fr\/wp-content\/uploads\/2017\/07\/USM-DP-Salon-clair-0269-1k9-683x1024.jpg 683w, https:\/\/digipicture.fr\/wp-content\/uploads\/2017\/07\/USM-DP-Salon-clair-0269-1k9-105x157.jpg 105w, https:\/\/digipicture.fr\/wp-content\/uploads\/2017\/07\/USM-DP-Salon-clair-0269-1k9-267x400.jpg 267w, https:\/\/digipicture.fr\/wp-content\/uploads\/2017\/07\/USM-DP-Salon-clair-0269-1k9-510x765.jpg 510w, https:\/\/digipicture.fr\/wp-content\/uploads\/2017\/07\/USM-DP-Salon-clair-0269-1k9-610x915.jpg 610w, https:\/\/digipicture.fr\/wp-content\/uploads\/2017\/07\/USM-DP-Salon-clair-0269-1k9-1080x1620.jpg 1080w\" sizes=\"(max-width: 1280px) 100vw, 1280px\" class=\"wp-image-31537\" alt=\"\" title=\"\"><\/span><\/div><\/div><\/div><\/div><div class=\"et_pb_section_1 et_pb_section et_section_regular et_flex_section\"><div class=\"et_pb_row_1 et_pb_row et_flex_row et_animated\"><div class=\"et_pb_column_2 et_pb_column et-last-child et_flex_column et_pb_css_mix_blend_mode_passthrough et_flex_column_24_24 et_flex_column_24_24_tablet et_flex_column_24_24_phone\"><div class=\"et_pb_text_2 et_pb_text et_pb_bg_layout_dark et_pb_module et_flex_module\"><div class=\"et_pb_text_inner\"><h3>un savoir-faire<\/h3>\n<\/div><\/div><div class=\"et_pb_text_3 et_pb_text et_pb_bg_layout_dark et_animated et_pb_module et_flex_module\"><div class=\"et_pb_text_inner\"><p><b>Je pr\u00eate toujours une attention\u00a0particuli\u00e8re \u00e0 ma photographie d'objet, qu'il soit de petite taille<br \/>\nou qu'il constitue un \u00e9l\u00e9ment de mobilier inclus dans une grande pi\u00e8ce.\u00a0<\/b><\/p>\n<\/div><\/div><\/div><\/div><div class=\"et_pb_row_2 et_pb_row et_flex_row\"><div class=\"et_pb_column_3 et_pb_column et_flex_column et_pb_css_mix_blend_mode_passthrough et_flex_column_24_24 et_flex_column_24_24_tablet et_flex_column_24_24_phone\"><div class=\"et_pb_blurb_0 et_pb_blurb et_pb_bg_layout_dark et_pb_text_align_center et_pb_blurb_position_top et_pb_module et_flex_module\"><div class=\"et_pb_blurb_content et_flex_module\"><div class=\"et_pb_main_blurb_image\"><span class=\"et_pb_image_wrap et_pb_only_image_mode_wrap\"><img loading=\"lazy\" decoding=\"async\" src=\"https:\/\/digipicture.fr\/wp-content\/uploads\/2018\/05\/studio-background-107.png\" width=\"107\" height=\"76\" srcset=\"https:\/\/digipicture.fr\/wp-content\/uploads\/2018\/05\/studio-background-107.png 107w\" sizes=\"(max-width: 107px) 100vw, 107px\" class=\"wp-image-207241\" alt=\"\" title=\"\"><\/span><\/div><div class=\"et_pb_blurb_container\"><h4 class=\"et_pb_module_header\">In studio<\/h4><div class=\"et_pb_blurb_description\"><p>Photographie de mobilier en studio Fond<br \/>\nneutre ou grande ambiance.<\/p>\n<\/div><\/div><\/div><\/div><\/div><div class=\"et_pb_column_4 et_pb_column et-last-child et_flex_column et_pb_css_mix_blend_mode_passthrough et_flex_column_24_24 et_flex_column_24_24_tablet et_flex_column_24_24_phone\"><div class=\"et_pb_blurb_1 et_pb_blurb et_pb_bg_layout_dark et_pb_text_align_center et_pb_blurb_position_top et_pb_module et_flex_module\"><div class=\"et_pb_blurb_content et_flex_module\"><div class=\"et_pb_main_blurb_image\"><span class=\"et_pb_image_wrap et_pb_only_image_mode_wrap\"><img loading=\"lazy\" decoding=\"async\" src=\"https:\/\/digipicture.fr\/wp-content\/uploads\/2018\/05\/meuble-en-situation-107.png\" width=\"107\" height=\"76\" srcset=\"https:\/\/digipicture.fr\/wp-content\/uploads\/2018\/05\/meuble-en-situation-107.png 107w\" sizes=\"(max-width: 107px) 100vw, 107px\" class=\"wp-image-207243\" alt=\"\" title=\"\"><\/span><\/div><div class=\"et_pb_blurb_container\"><h4 class=\"et_pb_module_header\">In una situazione<\/h4><div class=\"et_pb_blurb_description\"><p>Photographie chez l'usager ou au showroom<br \/>\ndu mobilier en situation d'usage.<\/p>\n<\/div><\/div><\/div><\/div><\/div><\/div><\/div><div class=\"et_pb_section_2 et_pb_section et_section_regular et_flex_section\"><div class=\"et_pb_row_3 et_pb_row et_flex_row\"><div class=\"et_pb_column_5 et_pb_column et_flex_column et_pb_css_mix_blend_mode_passthrough et_flex_column_24_24 et_flex_column_24_24_tablet et_flex_column_24_24_phone\"><div class=\"et_pb_image_1 et_pb_image et_animated et_pb_module et_flex_module\"><span class=\"et_pb_image_wrap\"><img loading=\"lazy\" decoding=\"async\" src=\"https:\/\/digipicture.fr\/wp-content\/uploads\/2014\/02\/USM_Weave_L0A6564-1600.jpg\" width=\"1600\" height=\"1066\" srcset=\"https:\/\/digipicture.fr\/wp-content\/uploads\/2014\/02\/USM_Weave_L0A6564-1600.jpg 1600w, https:\/\/digipicture.fr\/wp-content\/uploads\/2014\/02\/USM_Weave_L0A6564-1600-150x100.jpg 150w, https:\/\/digipicture.fr\/wp-content\/uploads\/2014\/02\/USM_Weave_L0A6564-1600-300x200.jpg 300w, https:\/\/digipicture.fr\/wp-content\/uploads\/2014\/02\/USM_Weave_L0A6564-1600-768x512.jpg 768w, https:\/\/digipicture.fr\/wp-content\/uploads\/2014\/02\/USM_Weave_L0A6564-1600-1024x682.jpg 1024w, https:\/\/digipicture.fr\/wp-content\/uploads\/2014\/02\/USM_Weave_L0A6564-1600-157x105.jpg 157w, https:\/\/digipicture.fr\/wp-content\/uploads\/2014\/02\/USM_Weave_L0A6564-1600-400x267.jpg 400w, https:\/\/digipicture.fr\/wp-content\/uploads\/2014\/02\/USM_Weave_L0A6564-1600-510x340.jpg 510w, https:\/\/digipicture.fr\/wp-content\/uploads\/2014\/02\/USM_Weave_L0A6564-1600-610x406.jpg 610w, https:\/\/digipicture.fr\/wp-content\/uploads\/2014\/02\/USM_Weave_L0A6564-1600-1080x720.jpg 1080w\" sizes=\"(max-width: 1600px) 100vw, 1600px\" class=\"wp-image-1318\" alt=\"\" title=\"\"><\/span><\/div><div class=\"et_pb_image_2 et_pb_image et_animated et_pb_module et_flex_module\"><span class=\"et_pb_image_wrap\"><img loading=\"lazy\" decoding=\"async\" src=\"https:\/\/digipicture.fr\/wp-content\/uploads\/2018\/05\/Stanhope-Credz-grey-r10-0017-9_2k8.jpg\" width=\"2835\" height=\"1890\" srcset=\"https:\/\/digipicture.fr\/wp-content\/uploads\/2018\/05\/Stanhope-Credz-grey-r10-0017-9_2k8.jpg 2835w, https:\/\/digipicture.fr\/wp-content\/uploads\/2018\/05\/Stanhope-Credz-grey-r10-0017-9_2k8-150x100.jpg 150w, https:\/\/digipicture.fr\/wp-content\/uploads\/2018\/05\/Stanhope-Credz-grey-r10-0017-9_2k8-300x200.jpg 300w, https:\/\/digipicture.fr\/wp-content\/uploads\/2018\/05\/Stanhope-Credz-grey-r10-0017-9_2k8-768x512.jpg 768w, https:\/\/digipicture.fr\/wp-content\/uploads\/2018\/05\/Stanhope-Credz-grey-r10-0017-9_2k8-1024x683.jpg 1024w, https:\/\/digipicture.fr\/wp-content\/uploads\/2018\/05\/Stanhope-Credz-grey-r10-0017-9_2k8-610x407.jpg 610w, https:\/\/digipicture.fr\/wp-content\/uploads\/2018\/05\/Stanhope-Credz-grey-r10-0017-9_2k8-1080x720.jpg 1080w\" sizes=\"(max-width: 2835px) 100vw, 2835px\" class=\"wp-image-207225\" alt=\"\" title=\"\"><\/span><\/div><\/div><div class=\"et_pb_column_6 et_pb_column et-last-child et_flex_column et_pb_css_mix_blend_mode_passthrough et_flex_column_24_24 et_flex_column_24_24_tablet et_flex_column_24_24_phone\"><div class=\"et_pb_text_4 et_pb_text et_pb_bg_layout_light et_pb_module et_flex_module\"><div class=\"et_pb_text_inner\"><h3>En Situation<\/h3>\n<\/div><\/div><div class=\"et_pb_divider_0 et_pb_divider et_pb_space et_pb_divider_position_top et_pb_module\"><div class=\"et_pb_divider_internal\"><\/div><\/div><div class=\"et_pb_text_5 et_pb_text et_pb_bg_layout_light et_pb_module et_flex_module\"><div class=\"et_pb_text_inner\"><h2>Int\u00e9rieur &amp; Commercial<\/h2>\n<p>Pour ce qui est de la photographie de votre mobilier hors showroom, je m'attache \u00e0 trouver le meilleur angle pour mettre le mobilier en valeur en fonction des contraintes du lieu et son agencement.<\/p>\n<p>Pratiquant de m\u00eame la photographie pour l'architecture d'int\u00e9rieur, \u00a0je saurai int\u00e9grer au mieux et mettre en valeur vos \u00e9l\u00e9ments d'ameublement gr\u00e2ce \u00e0 mon approche esth\u00e9tique du lieu et de votre mobilier. Ces images r\u00e9alis\u00e9es pour vous dans un environnement adapt\u00e9 sont extr\u00eamement valorisantes\u00a0et vous permettent de communiquer avec force.<\/p>\n<\/div><\/div><div class=\"et_pb_module et_pb_button_module_wrapper et_pb_button_1_wrapper\"><a class=\"et_pb_button_1 et_pb_button et_pb_bg_layout_light et_pb_module et_flex_module\" href=\"https:\/\/digipicture.fr\/it\/portfolio\/\">Vedi lavori recenti<\/a><\/div><\/div><\/div><\/div><div class=\"et_pb_section_3 et_pb_section et_section_regular et_flex_section\"><div class=\"et_pb_row_4 et_pb_row et_flex_row\"><div class=\"et_pb_column_7 et_pb_column et_flex_column et_pb_css_mix_blend_mode_passthrough et_flex_column_24_24 et_flex_column_24_24_tablet et_flex_column_24_24_phone\"><div class=\"et_pb_text_6 et_pb_text et_pb_bg_layout_dark et_pb_module et_flex_module\"><div class=\"et_pb_text_inner\"><h3>Lumi\u00e8re<\/h3>\n<\/div><\/div><div class=\"et_pb_divider_1 et_pb_divider et_pb_space et_pb_divider_position_top et_pb_module\"><div class=\"et_pb_divider_internal\"><\/div><\/div><div class=\"et_pb_text_7 et_pb_text et_pb_bg_layout_light et_pb_module et_flex_module\"><div class=\"et_pb_text_inner\"><h2>Espaces Int\u00e9rieurs &amp; Experiences<\/h2>\n<p>Vous avez un projet de photographie ? Vous vendez des objets ou du mobilier pour la maison ou le bureau ? Vous souhaitez garder une trace de vos cr\u00e9ations sur site ou constituer un thesaurus \u00a0? Je vous accompagne du d\u00e9but \u00e0 la fin dans\u00a0la r\u00e9alisation de vos images.<br \/>\nSitu\u00e9 \u00e0 Paris et d'une grande mobilit\u00e9 g\u00e9ographique, je me d\u00e9place partout pour sublimer vos r\u00e9alisations.<\/p>\n<\/div><\/div><\/div><div class=\"et_pb_column_8 et_pb_column et-last-child et_flex_column et_pb_css_mix_blend_mode_passthrough et_flex_column_24_24 et_flex_column_24_24_tablet et_flex_column_24_24_phone\"><div class=\"et_pb_image_3 et_pb_image et_animated et_pb_module et_flex_module\"><span class=\"et_pb_image_wrap\"><img loading=\"lazy\" decoding=\"async\" src=\"https:\/\/digipicture.fr\/wp-content\/uploads\/2017\/07\/USM-haller-e-Szene-1-Glass-showcase-2519-1k9.jpg\" width=\"1920\" height=\"1280\" srcset=\"https:\/\/digipicture.fr\/wp-content\/uploads\/2017\/07\/USM-haller-e-Szene-1-Glass-showcase-2519-1k9.jpg 1920w, https:\/\/digipicture.fr\/wp-content\/uploads\/2017\/07\/USM-haller-e-Szene-1-Glass-showcase-2519-1k9-150x100.jpg 150w, https:\/\/digipicture.fr\/wp-content\/uploads\/2017\/07\/USM-haller-e-Szene-1-Glass-showcase-2519-1k9-300x200.jpg 300w, https:\/\/digipicture.fr\/wp-content\/uploads\/2017\/07\/USM-haller-e-Szene-1-Glass-showcase-2519-1k9-768x512.jpg 768w, https:\/\/digipicture.fr\/wp-content\/uploads\/2017\/07\/USM-haller-e-Szene-1-Glass-showcase-2519-1k9-1024x683.jpg 1024w, https:\/\/digipicture.fr\/wp-content\/uploads\/2017\/07\/USM-haller-e-Szene-1-Glass-showcase-2519-1k9-157x105.jpg 157w, https:\/\/digipicture.fr\/wp-content\/uploads\/2017\/07\/USM-haller-e-Szene-1-Glass-showcase-2519-1k9-400x267.jpg 400w, https:\/\/digipicture.fr\/wp-content\/uploads\/2017\/07\/USM-haller-e-Szene-1-Glass-showcase-2519-1k9-510x340.jpg 510w, https:\/\/digipicture.fr\/wp-content\/uploads\/2017\/07\/USM-haller-e-Szene-1-Glass-showcase-2519-1k9-610x407.jpg 610w, https:\/\/digipicture.fr\/wp-content\/uploads\/2017\/07\/USM-haller-e-Szene-1-Glass-showcase-2519-1k9-1080x720.jpg 1080w\" sizes=\"(max-width: 1920px) 100vw, 1920px\" class=\"wp-image-31423\" alt=\"\" title=\"\"><\/span><\/div><\/div><\/div><\/div><div class=\"et_pb_section_4 et_pb_section et_section_regular et_flex_section\"><div class=\"et_pb_row_5 et_pb_row et_flex_row\"><div class=\"et_pb_column_9 et_pb_column et-last-child et_flex_column et_pb_css_mix_blend_mode_passthrough et_flex_column_24_24 et_flex_column_24_24_tablet et_flex_column_24_24_phone\"><\/div><\/div><\/div><div class=\"et_pb_section_5 et_pb_section et_pb_fullwidth_section et_section_regular et_flex_section\"><div class=\"et_pb_fullwidth_image_0 et_pb_fullwidth_image et_animated et_pb_module\"><img loading=\"lazy\" decoding=\"async\" src=\"https:\/\/digipicture.fr\/wp-content\/uploads\/2013\/09\/usm-meublebas_blanc_01-crop.png\" width=\"1500\" height=\"750\" srcset=\"https:\/\/digipicture.fr\/wp-content\/uploads\/2013\/09\/usm-meublebas_blanc_01-crop.png 1500w, https:\/\/digipicture.fr\/wp-content\/uploads\/2013\/09\/usm-meublebas_blanc_01-crop-150x75.png 150w, https:\/\/digipicture.fr\/wp-content\/uploads\/2013\/09\/usm-meublebas_blanc_01-crop-300x150.png 300w, https:\/\/digipicture.fr\/wp-content\/uploads\/2013\/09\/usm-meublebas_blanc_01-crop-768x384.png 768w, https:\/\/digipicture.fr\/wp-content\/uploads\/2013\/09\/usm-meublebas_blanc_01-crop-1024x512.png 1024w, https:\/\/digipicture.fr\/wp-content\/uploads\/2013\/09\/usm-meublebas_blanc_01-crop-157x79.png 157w, https:\/\/digipicture.fr\/wp-content\/uploads\/2013\/09\/usm-meublebas_blanc_01-crop-400x200.png 400w, https:\/\/digipicture.fr\/wp-content\/uploads\/2013\/09\/usm-meublebas_blanc_01-crop-510x255.png 510w, https:\/\/digipicture.fr\/wp-content\/uploads\/2013\/09\/usm-meublebas_blanc_01-crop-610x305.png 610w, https:\/\/digipicture.fr\/wp-content\/uploads\/2013\/09\/usm-meublebas_blanc_01-crop-1080x540.png 1080w\" sizes=\"(max-width: 1500px) 100vw, 1500px\" class=\"wp-image-32601\" alt=\"\" title=\"\"><\/div><\/div><div class=\"et_pb_section_6 et_pb_section et_section_regular et_flex_section\"><div class=\"et_pb_row_6 et_pb_row et_flex_row\"><div class=\"et_pb_column_10 et_pb_column et-last-child et_flex_column et_pb_css_mix_blend_mode_passthrough et_flex_column_24_24 et_flex_column_24_24_tablet et_flex_column_24_24_phone\"><div class=\"et_pb_text_8 et_pb_text et_pb_bg_layout_dark et_pb_module et_flex_module\"><div class=\"et_pb_text_inner\"><h3>2 exemples de projets<\/h3>\n<\/div><\/div><\/div><\/div><div class=\"et_pb_row_7 et_pb_row et_flex_row\"><div class=\"et_pb_column_11 et_pb_column et_flex_column et_pb_css_mix_blend_mode_passthrough et_flex_column_24_24 et_flex_column_24_24_tablet et_flex_column_24_24_phone\"><div class=\"et_pb_text_9 et_pb_text et_pb_bg_layout_dark et_pb_module et_flex_module\"><div class=\"et_pb_text_inner\"><h3>STUDIO<\/h3>\n<\/div><\/div><div class=\"et_pb_cta_0 et_pb_promo et_pb_bg_layout_dark et_pb_module et_flex_module\"><div class=\"et_pb_promo_description\"><h3 class=\"et_pb_module_header\">Grand Set in studio<\/h3><div class=\"et_pb_promo_content\"><p>Pour USM fr.<\/p>\n<\/div><\/div><div class=\"et_pb_button_wrapper\"><a class=\"et_pb_button et_pb_promo_button\" href=\"https:\/\/digipicture.fr\/works\/les-grandes-ambiances-usm-2017\/\" data-icon=\"&amp;\">Scoprire<\/a><\/div><\/div><\/div><div class=\"et_pb_column_12 et_pb_column et-last-child et_flex_column et_pb_css_mix_blend_mode_passthrough et_flex_column_24_24 et_flex_column_24_24_tablet et_flex_column_24_24_phone\"><div class=\"et_pb_text_10 et_pb_text et_pb_bg_layout_dark et_pb_module et_flex_module\"><div class=\"et_pb_text_inner\"><h3>En situation<\/h3>\n<\/div><\/div><div class=\"et_pb_cta_1 et_pb_promo et_pb_bg_layout_dark et_pb_module et_flex_module\"><div class=\"et_pb_promo_description\"><h3 class=\"et_pb_module_header\">A Baker-Kohler<\/h3><div class=\"et_pb_promo_content\"><p>Pour Baker France<\/p>\n<\/div><\/div><div class=\"et_pb_button_wrapper\"><a class=\"et_pb_button et_pb_promo_button\" href=\"https:\/\/digipicture.fr\/works\/baker-furnishing-collection-2016\/\" data-icon=\"&amp;\">Scoprire<\/a><\/div><\/div><\/div><\/div><div class=\"et_pb_row_8 et_pb_row et_flex_row\"><div class=\"et_pb_column_13 et_pb_column et-last-child et_flex_column et_pb_css_mix_blend_mode_passthrough et_flex_column_24_24 et_flex_column_24_24_tablet et_flex_column_24_24_phone\"><div class=\"et_pb_module et_pb_button_module_wrapper et_pb_button_2_wrapper\"><a class=\"et_pb_button_2 et_pb_button et_pb_bg_layout_light et_pb_module et_flex_module\" href=\"https:\/\/digipicture.fr\/it\/portfolio\/\">Tutti i risultati<\/a><\/div><\/div><\/div><\/div><div class=\"et_pb_section_7 et_pb_section et_section_regular et_flex_section\"><div class=\"et_pb_row_9 et_pb_row et_flex_row\"><div class=\"et_pb_column_14 et_pb_column et_flex_column et_pb_css_mix_blend_mode_passthrough et_flex_column_24_24 et_flex_column_24_24_tablet et_flex_column_24_24_phone\"><div class=\"et_pb_text_11 et_pb_text et_pb_bg_layout_dark et_pb_module et_flex_module\"><div class=\"et_pb_text_inner\"><h2>Ensemble, \u00e9laborons des Photographies.<\/h2>\n<p>Prenez contact d\u00e8s aujourd'hui pour votre prochain projet et parlons en autour d'un caf\u00e9 : Laissez-moi un message<\/p>\n<p><strong style=\"font-size: 18px;\"><a href=\"mailto:chris@digipicture\">chris@digipicture<br \/><\/a><\/strong><strong style=\"font-size: 18px;\"><strong>30, rue des Roses<\/strong>, Paris, FR<br \/><\/strong><strong style=\"font-size: 18px;\">+33 (0) 660 50 35 82<\/strong><\/p>\n<\/div><\/div><\/div><div class=\"et_pb_column_15 et_pb_column et-last-child et_flex_column et_pb_css_mix_blend_mode_passthrough et_flex_column_24_24 et_flex_column_24_24_tablet et_flex_column_24_24_phone\">\n\t\t\t<div id=\"et_pb_contact_form_0\" class=\"et_pb_module et_d4_element et_pb_contact_form_0 et_pb_recaptcha_enabled et_pb_contact_form_container clearfix et_block_module\" data-form_unique_num=\"0\" data-form_unique_id=\"\">\n\t\t\t\t\n\t\t\t\t\n\t\t\t\t\n\t\t\t\t\n\t\t\t\t\n\t\t\t\t<div class=\"et-pb-contact-message\"><\/div>\n\t\t\t\t\n\t\t\t\t<div class=\"et_pb_contact\">\n\t\t\t\t\t<form class=\"et_pb_contact_form clearfix\" method=\"post\" action=\"https:\/\/digipicture.fr\/it\/wp-json\/wp\/v2\/pages\/209533\">\n\t\t\t\t\t\t<p class=\"et_d4_element et_pb_contact_field et_pb_contact_field_0 et_pb_contact_field_half\" data-id=\"name\" data-type=\"input\">\n\t\t\t\t\n\t\t\t\t\n\t\t\t\t\n\t\t\t\t\n\t\t\t\t<label for=\"et_pb_contact_name_0\" class=\"et_pb_contact_form_label\">Il tuo nome<\/label>\n\t\t\t\t<input type=\"text\" id=\"et_pb_contact_name_0\" class=\"input\" value=\"\" name=\"et_pb_contact_name_0\" data-required_mark=\"required\" data-field_type=\"input\" data-original_id=\"name\" placeholder=\"Il tuo nome\">\n\t\t\t<\/p><p class=\"et_d4_element et_pb_contact_field et_pb_contact_field_1 et_pb_contact_field_half et_pb_contact_field_last\" data-id=\"email\" data-type=\"email\">\n\t\t\t\t\n\t\t\t\t\n\t\t\t\t\n\t\t\t\t\n\t\t\t\t<label for=\"et_pb_contact_email_0\" class=\"et_pb_contact_form_label\">Il tuo indirizzo email<\/label>\n\t\t\t\t<input type=\"text\" id=\"et_pb_contact_email_0\" class=\"input\" value=\"\" name=\"et_pb_contact_email_0\" data-required_mark=\"required\" data-field_type=\"email\" data-original_id=\"email\" placeholder=\"Il tuo indirizzo email\">\n\t\t\t<\/p><p class=\"et_d4_element et_pb_contact_field et_pb_contact_field_2 et_pb_contact_field_last\" data-id=\"phone\" data-type=\"input\">\n\t\t\t\t\n\t\t\t\t\n\t\t\t\t\n\t\t\t\t\n\t\t\t\t<label for=\"et_pb_contact_phone_0\" class=\"et_pb_contact_form_label\">Il telefono (facoltativo)<\/label>\n\t\t\t\t<input type=\"text\" id=\"et_pb_contact_phone_0\" class=\"input\" value=\"\" name=\"et_pb_contact_phone_0\" data-required_mark=\"not_required\" data-field_type=\"input\" data-original_id=\"phone\" placeholder=\"Il telefono (facoltativo)\">\n\t\t\t<\/p><p class=\"et_d4_element et_pb_contact_field et_pb_contact_field_3 et_pb_contact_field_last\" data-id=\"message\" data-type=\"text\">\n\t\t\t\t\n\t\t\t\t\n\t\t\t\t\n\t\t\t\t\n\t\t\t\t<label for=\"et_pb_contact_message_0\" class=\"et_pb_contact_form_label\">Il tuo messaggio<\/label>\n\t\t\t\t<textarea name=\"et_pb_contact_message_0\" id=\"et_pb_contact_message_0\" class=\"et_pb_contact_message input\" data-required_mark=\"required\" data-field_type=\"text\" data-original_id=\"message\" placeholder=\"Il tuo messaggio\"><\/textarea>\n\t\t\t<\/p>\n\t\t\t\t\t\t<input type=\"hidden\" value=\"et_contact_proccess\" name=\"et_pb_contactform_submit_0\"\/>\n\t\t\t\t\t\t<div class=\"et_contact_bottom_container\">\n\t\t\t\t\t\t\t\n\t\t\t\t\t\t\t<button type=\"submit\" name=\"et_builder_submit_button\" class=\"et_pb_contact_submit et_pb_button\" data-icon=\"\ue010\">INVIA<\/button>\n\t\t\t\t\t\t<\/div>\n\t\t\t\t\t\t<input type=\"hidden\" id=\"_wpnonce-et-pb-contact-form-submitted-0\" name=\"_wpnonce-et-pb-contact-form-submitted-0\" value=\"f884c29d03\" \/><input type=\"hidden\" name=\"_wp_http_referer\" value=\"\/it\/wp-json\/wp\/v2\/pages\/209533\" \/>\n\t\t\t\t\t<\/form>\n\t\t\t\t<\/div>\n\t\t\t<\/div>\n\t\t\t<\/div><\/div><\/div>","protected":false},"excerpt":{"rendered":"","protected":false},"author":2,"featured_media":209557,"parent":0,"menu_order":0,"comment_status":"closed","ping_status":"closed","template":"","meta":{"_et_pb_use_builder":"on","_et_pb_old_content":"","_et_gb_content_width":"","footnotes":""},"class_list":["post-209533","page","type-page","status-publish","has-post-thumbnail","hentry"],"_links":{"self":[{"href":"https:\/\/digipicture.fr\/it\/wp-json\/wp\/v2\/pages\/209533","targetHints":{"allow":["GET"]}}],"collection":[{"href":"https:\/\/digipicture.fr\/it\/wp-json\/wp\/v2\/pages"}],"about":[{"href":"https:\/\/digipicture.fr\/it\/wp-json\/wp\/v2\/types\/page"}],"author":[{"embeddable":true,"href":"https:\/\/digipicture.fr\/it\/wp-json\/wp\/v2\/users\/2"}],"replies":[{"embeddable":true,"href":"https:\/\/digipicture.fr\/it\/wp-json\/wp\/v2\/comments?post=209533"}],"version-history":[{"count":5,"href":"https:\/\/digipicture.fr\/it\/wp-json\/wp\/v2\/pages\/209533\/revisions"}],"predecessor-version":[{"id":245693,"href":"https:\/\/digipicture.fr\/it\/wp-json\/wp\/v2\/pages\/209533\/revisions\/245693"}],"wp:featuredmedia":[{"embeddable":true,"href":"https:\/\/digipicture.fr\/it\/wp-json\/wp\/v2\/media\/209557"}],"wp:attachment":[{"href":"https:\/\/digipicture.fr\/it\/wp-json\/wp\/v2\/media?parent=209533"}],"curies":[{"name":"wp","href":"https:\/\/api.w.org\/{rel}","templated":true}]}}