{"id":209586,"date":"2018-09-17T14:13:27","date_gmt":"2018-09-17T14:13:27","guid":{"rendered":"https:\/\/digipicture.fr\/corporate\/"},"modified":"2025-07-08T11:14:47","modified_gmt":"2025-07-08T10:14:47","slug":"corporate","status":"publish","type":"page","link":"https:\/\/digipicture.fr\/it\/corporate\/","title":{"rendered":"Corporate"},"content":{"rendered":"<div class=\"et_d4_element et_pb_section et_pb_section_0  et_pb_css_mix_blend_mode et_section_regular et_section_transparent et_block_section\" data-padding=\"0|0px|0px|0px\" >\n\t\t\t\t\n\t\t\t\t\n\t\t\t\t\n\t\t\t\t\n\t\t\t\t\n\t\t\t\t\n\t\t\t\t<div class=\"et_d4_element et_pb_row et_pb_row_0 et_pb_equal_columns et_pb_gutters3  et_pb_css_mix_blend_mode et_block_row\">\n\t\t\t\t<div class=\"et_d4_element et_pb_column_1_2 et_pb_column et_pb_column_0  et_pb_css_mix_blend_mode et_block_column\">\n\t\t\t\t\n\t\t\t\t\n\t\t\t\t\n\t\t\t\t\n\t\t\t\t<div class=\"et_pb_module et_d4_element et_pb_text et_pb_text_0  et_pb_text_align_left et_pb_bg_layout_dark\">\n\t\t\t\t\n\t\t\t\t\n\t\t\t\t\n\t\t\t\t\n\t\t\t\t<div class=\"et_pb_text_inner\"><h3>Un ritratto<\/h3>\r<\/div>\n\t\t\t<\/div><div class=\"et_pb_module et_d4_element et_pb_text et_pb_text_1  et_pb_text_align_left et_pb_bg_layout_light\">\n\t\t\t\t\n\t\t\t\t\n\t\t\t\t\n\t\t\t\t\n\t\t\t\t<div class=\"et_pb_text_inner\"><h2>Guardare e Vedere<\/h2>\n\u00c8 ovvio che il genere del ritratto occupa un posto molto speciale nella storia dell'arte occidentale.\n\nPoco dopo la sua invenzione, la fotografia in evoluzione con la storia sociale, teologica e artistica, come la pittura, \u00e8 dedicata alla ritrattistica.\n\nDiventando lo \"specchio che ricorda, insieme ad un'anima in pi\u00f9\", la sua sfida principale \u00e8 quella di tradurre e rendere visibili i segnali di identit\u00e0 del suo modello che il fotografo riveler\u00e0. Questa epifania pu\u00f2 concentrarsi sull'enfatizzare un tratto di carattere utile al modello. Il fotografo sar\u00e0 presente per guidare il modello ad una destinazione decisa in anticipo secondo l'assegnazione dell'immagine prodotta.\r<\/div>\n\t\t\t<\/div>\n\t\t\t<\/div><div class=\"et_d4_element et_pb_column_1_2 et_pb_column et_pb_column_1  et_pb_css_mix_blend_mode et-last-child et_block_column\">\n\t\t\t\t\n\t\t\t\t\n\t\t\t\t\n\t\t\t\t\n\t\t\t\t<div class=\"et_pb_module et_d4_element et_pb_image et_pb_image_0 et_animated et-waypoint\">\n\t\t\t\t\n\t\t\t\t\n\t\t\t\t\n\t\t\t\t\n\t\t\t\t<span class=\"et_pb_image_wrap has-box-shadow-overlay\"><div class=\"box-shadow-overlay\"><\/div><img loading=\"lazy\" decoding=\"async\" width=\"1280\" height=\"1920\" src=\"https:\/\/digipicture.fr\/wp-content\/uploads\/2017\/02\/2017-Mateo-Cichacki-1796-1k9.jpg\" alt=\"\" title=\"\" srcset=\"https:\/\/digipicture.fr\/wp-content\/uploads\/2017\/02\/2017-Mateo-Cichacki-1796-1k9.jpg 1280w, https:\/\/digipicture.fr\/wp-content\/uploads\/2017\/02\/2017-Mateo-Cichacki-1796-1k9-100x150.jpg 100w, https:\/\/digipicture.fr\/wp-content\/uploads\/2017\/02\/2017-Mateo-Cichacki-1796-1k9-200x300.jpg 200w, https:\/\/digipicture.fr\/wp-content\/uploads\/2017\/02\/2017-Mateo-Cichacki-1796-1k9-768x1152.jpg 768w, https:\/\/digipicture.fr\/wp-content\/uploads\/2017\/02\/2017-Mateo-Cichacki-1796-1k9-683x1024.jpg 683w, https:\/\/digipicture.fr\/wp-content\/uploads\/2017\/02\/2017-Mateo-Cichacki-1796-1k9-105x157.jpg 105w, https:\/\/digipicture.fr\/wp-content\/uploads\/2017\/02\/2017-Mateo-Cichacki-1796-1k9-267x400.jpg 267w, https:\/\/digipicture.fr\/wp-content\/uploads\/2017\/02\/2017-Mateo-Cichacki-1796-1k9-510x765.jpg 510w, https:\/\/digipicture.fr\/wp-content\/uploads\/2017\/02\/2017-Mateo-Cichacki-1796-1k9-610x915.jpg 610w, https:\/\/digipicture.fr\/wp-content\/uploads\/2017\/02\/2017-Mateo-Cichacki-1796-1k9-1080x1620.jpg 1080w\" sizes=\"(max-width: 1280px) 100vw, 1280px\" class=\"wp-image-30414\"><\/span>\n\t\t\t<\/div>\n\t\t\t<\/div>\n\t\t\t\t\n\t\t\t\t\n\t\t\t\t\n\t\t\t\t\n\t\t\t<\/div>\n\t\t\t\t\n\t\t\t\t\n\t\t\t<\/div><div class=\"et_d4_element et_pb_section et_pb_section_1 et_pb_with_background  et_pb_css_mix_blend_mode et_section_regular et_block_section\" >\n\t\t\t\t\n\t\t\t\t\n\t\t\t\t\n\t\t\t\t\n\t\t\t\t\n\t\t\t\t\n\t\t\t\t<div class=\"et_d4_element et_pb_row et_pb_row_1 et_animated  et_pb_css_mix_blend_mode et_block_row\">\n\t\t\t\t<div class=\"et_d4_element et_pb_column_4_4 et_pb_column et_pb_column_2  et_pb_css_mix_blend_mode et-last-child et_block_column\">\n\t\t\t\t\n\t\t\t\t\n\t\t\t\t\n\t\t\t\t\n\t\t\t\t<div class=\"et_pb_module et_d4_element et_pb_text et_pb_text_2  et_pb_text_align_center et_pb_bg_layout_dark\">\n\t\t\t\t\n\t\t\t\t\n\t\t\t\t\n\t\t\t\t\n\t\t\t\t<div class=\"et_pb_text_inner\"><h3>Lo scopo di un ritratto aziendale?<\/h3>\r<\/div>\n\t\t\t<\/div><div class=\"et_pb_module et_d4_element et_pb_text et_pb_text_3 et_animated  et_pb_text_align_center et_pb_bg_layout_dark\">\n\t\t\t\t\n\t\t\t\t\n\t\t\t\t\n\t\t\t\t\n\t\t\t\t<div class=\"et_pb_text_inner\"><b>Scoprite che al di l\u00e0 del curriculum vitae di un quadro o del viaggio di una societ\u00e0, ci sono autentiche persone umane, che possiedono un'incredibile conoscenza e know-how senza limiti.. <\/b>\r<\/div>\n\t\t\t<\/div>\n\t\t\t<\/div>\n\t\t\t\t\n\t\t\t\t\n\t\t\t\t\n\t\t\t\t\n\t\t\t<\/div><div class=\"et_d4_element et_pb_row et_pb_row_2  et_pb_css_mix_blend_mode et_block_row\">\n\t\t\t\t<div class=\"et_d4_element et_pb_column_1_2 et_pb_column et_pb_column_3  et_pb_css_mix_blend_mode et_block_column\">\n\t\t\t\t\n\t\t\t\t\n\t\t\t\t\n\t\t\t\t\n\t\t\t\t<div class=\"et_pb_module et_d4_element et_pb_blurb et_pb_blurb_0  et_pb_text_align_center  et_pb_blurb_position_top et_block_module et_pb_bg_layout_dark\">\n\t\t\t\t\n\t\t\t\t\n\t\t\t\t\n\t\t\t\t\n\t\t\t\t<div class=\"et_pb_blurb_content\">\n\t\t\t\t\t<div class=\"et_pb_main_blurb_image et_pb_css_mix_blend_mode\"><span class=\"et_pb_image_wrap et_pb_only_image_mode_wrap\"><img loading=\"lazy\" decoding=\"async\" width=\"107\" height=\"76\" src=\"https:\/\/digipicture.fr\/wp-content\/uploads\/2018\/05\/studio-background-107.png\" alt=\"\" class=\"et-waypoint et_pb_animation_off et_pb_animation_off_tablet et_pb_animation_off_phone wp-image-207241\" title=\"\"><\/span><\/div>\n\t\t\t\t\t<div class=\"et_pb_blurb_container\">\n\t\t\t\t\t\t<h4 class=\"et_pb_module_header\"><span>In studio<\/span><\/h4>\n\t\t\t\t\t\t<div class=\"et_pb_blurb_description\">In studio affittato per l'occasione\no improvvisati nei vostri locali.\r<\/div>\n\t\t\t\t\t<\/div>\n\t\t\t\t<\/div>\n\t\t\t<\/div>\n\t\t\t<\/div><div class=\"et_d4_element et_pb_column_1_2 et_pb_column et_pb_column_4  et_pb_css_mix_blend_mode et-last-child et_block_column\">\n\t\t\t\t\n\t\t\t\t\n\t\t\t\t\n\t\t\t\t\n\t\t\t\t<div class=\"et_pb_module et_d4_element et_pb_blurb et_pb_blurb_1  et_pb_text_align_center  et_pb_blurb_position_top et_block_module et_pb_bg_layout_dark\">\n\t\t\t\t\n\t\t\t\t\n\t\t\t\t\n\t\t\t\t\n\t\t\t\t<div class=\"et_pb_blurb_content\">\n\t\t\t\t\t<div class=\"et_pb_main_blurb_image et_pb_css_mix_blend_mode\"><span class=\"et_pb_image_wrap et_pb_only_image_mode_wrap\"><img loading=\"lazy\" decoding=\"async\" width=\"107\" height=\"76\" src=\"https:\/\/digipicture.fr\/wp-content\/uploads\/2018\/06\/portrait-en-situation-107.png\" alt=\"\" class=\"et-waypoint et_pb_animation_off et_pb_animation_off_tablet et_pb_animation_off_phone wp-image-207285\" title=\"\"><\/span><\/div>\n\t\t\t\t\t<div class=\"et_pb_blurb_container\">\n\t\t\t\t\t\t<h4 class=\"et_pb_module_header\"><span>In una situazione<\/span><\/h4>\n\t\t\t\t\t\t<div class=\"et_pb_blurb_description\">Ritratto esterno sul luogo\nDella societ\u00e0 o emblematico.\r<\/div>\n\t\t\t\t\t<\/div>\n\t\t\t\t<\/div>\n\t\t\t<\/div>\n\t\t\t<\/div>\n\t\t\t\t\n\t\t\t\t\n\t\t\t\t\n\t\t\t\t\n\t\t\t<\/div>\n\t\t\t\t\n\t\t\t\t\n\t\t\t<\/div><div class=\"et_d4_element et_pb_section et_pb_section_2 et_pb_with_background  et_pb_css_mix_blend_mode et_section_regular et_block_section\" >\n\t\t\t\t\n\t\t\t\t\n\t\t\t\t\n\t\t\t\t\n\t\t\t\t\n\t\t\t\t\n\t\t\t\t<div class=\"et_d4_element et_pb_row et_pb_row_3  et_pb_css_mix_blend_mode et_block_row\">\n\t\t\t\t<div class=\"et_d4_element et_pb_column_1_2 et_pb_column et_pb_column_5  et_pb_css_mix_blend_mode et_block_column\">\n\t\t\t\t\n\t\t\t\t\n\t\t\t\t\n\t\t\t\t\n\t\t\t\t<div class=\"et_pb_module et_d4_element et_pb_image et_pb_image_1 et_animated et-waypoint\">\n\t\t\t\t\n\t\t\t\t\n\t\t\t\t\n\t\t\t\t\n\t\t\t\t<span class=\"et_pb_image_wrap has-box-shadow-overlay\"><div class=\"box-shadow-overlay\"><\/div><img loading=\"lazy\" decoding=\"async\" width=\"639\" height=\"478\" src=\"https:\/\/digipicture.fr\/wp-content\/uploads\/2014\/02\/PabloPreview.jpg\" alt=\"\" title=\"\" srcset=\"https:\/\/digipicture.fr\/wp-content\/uploads\/2014\/02\/PabloPreview.jpg 639w, https:\/\/digipicture.fr\/wp-content\/uploads\/2014\/02\/PabloPreview-150x112.jpg 150w, https:\/\/digipicture.fr\/wp-content\/uploads\/2014\/02\/PabloPreview-300x224.jpg 300w, https:\/\/digipicture.fr\/wp-content\/uploads\/2014\/02\/PabloPreview-157x117.jpg 157w, https:\/\/digipicture.fr\/wp-content\/uploads\/2014\/02\/PabloPreview-400x299.jpg 400w, https:\/\/digipicture.fr\/wp-content\/uploads\/2014\/02\/PabloPreview-510x382.jpg 510w, https:\/\/digipicture.fr\/wp-content\/uploads\/2014\/02\/PabloPreview-610x456.jpg 610w\" sizes=\"(max-width: 639px) 100vw, 639px\" class=\"wp-image-1054\"><\/span>\n\t\t\t<\/div><div class=\"et_pb_module et_d4_element et_pb_image et_pb_image_2 et_animated et-waypoint\">\n\t\t\t\t\n\t\t\t\t\n\t\t\t\t\n\t\t\t\t\n\t\t\t\t<span class=\"et_pb_image_wrap has-box-shadow-overlay\"><div class=\"box-shadow-overlay\"><\/div><img loading=\"lazy\" decoding=\"async\" width=\"635\" height=\"475\" src=\"https:\/\/digipicture.fr\/wp-content\/uploads\/2014\/02\/Patr__ciaSoleyBeltran.jpg\" alt=\"\" title=\"\" srcset=\"https:\/\/digipicture.fr\/wp-content\/uploads\/2014\/02\/Patr__ciaSoleyBeltran.jpg 635w, https:\/\/digipicture.fr\/wp-content\/uploads\/2014\/02\/Patr__ciaSoleyBeltran-150x112.jpg 150w, https:\/\/digipicture.fr\/wp-content\/uploads\/2014\/02\/Patr__ciaSoleyBeltran-300x224.jpg 300w, https:\/\/digipicture.fr\/wp-content\/uploads\/2014\/02\/Patr__ciaSoleyBeltran-157x117.jpg 157w, https:\/\/digipicture.fr\/wp-content\/uploads\/2014\/02\/Patr__ciaSoleyBeltran-400x299.jpg 400w, https:\/\/digipicture.fr\/wp-content\/uploads\/2014\/02\/Patr__ciaSoleyBeltran-510x382.jpg 510w, https:\/\/digipicture.fr\/wp-content\/uploads\/2014\/02\/Patr__ciaSoleyBeltran-610x456.jpg 610w\" sizes=\"(max-width: 635px) 100vw, 635px\" class=\"wp-image-1055\"><\/span>\n\t\t\t<\/div>\n\t\t\t<\/div><div class=\"et_d4_element et_pb_column_1_2 et_pb_column et_pb_column_6  et_pb_css_mix_blend_mode et-last-child et_block_column\">\n\t\t\t\t\n\t\t\t\t\n\t\t\t\t\n\t\t\t\t\n\t\t\t\t<div class=\"et_pb_module et_d4_element et_pb_text et_pb_text_4  et_pb_text_align_left et_pb_bg_layout_light\">\n\t\t\t\t\n\t\t\t\t\n\t\t\t\t\n\t\t\t\t\n\t\t\t\t<div class=\"et_pb_text_inner\"><h3>Il meglio<\/h3>\r<\/div>\n\t\t\t<\/div><div class=\"et_pb_module et_d4_element et_pb_divider et_pb_divider_0 et_pb_divider_position_center customized_et_pb_divider_position et_pb_space\"><div class=\"et_pb_divider_internal\"><\/div><\/div><div class=\"et_pb_module et_d4_element et_pb_text et_pb_text_5  et_pb_text_align_left et_pb_bg_layout_light\">\n\t\t\t\t\n\t\t\t\t\n\t\t\t\t\n\t\t\t\t\n\t\t\t\t<div class=\"et_pb_text_inner\"><h2>Statura e relax<\/h2>\nIl ritratto aziendale che faccio vi mostra nella vostra luce migliore e riflette il vostro coinvolgimento nella vostra posizione. Il mio consiglio professionale vi far\u00e0 comodo e io vi guider\u00e0 nelle migliori pose a prendere per rendere il meglio della vostra immagine mettendo in evidenza i vostri punti di forza. Se la ripresa \u00e8 meno formale di una directory, cercheremo il posto nella vostra azienda e in giro per farvi posare in un contesto piacevole.\r<\/div>\n\t\t\t<\/div>\n\t\t\t<\/div>\n\t\t\t\t\n\t\t\t\t\n\t\t\t\t\n\t\t\t\t\n\t\t\t<\/div>\n\t\t\t\t\n\t\t\t\t\n\t\t\t<\/div><div class=\"et_d4_element et_pb_section et_pb_section_3  et_pb_css_mix_blend_mode et_section_regular et_block_section\" >\n\t\t\t\t\n\t\t\t\t\n\t\t\t\t\n\t\t\t\t\n\t\t\t\t\n\t\t\t\t\n\t\t\t\t<div class=\"et_d4_element et_pb_row et_pb_row_4  et_pb_css_mix_blend_mode et_block_row\">\n\t\t\t\t<div class=\"et_d4_element et_pb_column_1_2 et_pb_column et_pb_column_7  et_pb_css_mix_blend_mode et_block_column\">\n\t\t\t\t\n\t\t\t\t\n\t\t\t\t\n\t\t\t\t\n\t\t\t\t<div class=\"et_pb_module et_d4_element et_pb_text et_pb_text_6  et_pb_text_align_right et_pb_bg_layout_dark\">\n\t\t\t\t\n\t\t\t\t\n\t\t\t\t\n\t\t\t\t\n\t\t\t\t<div class=\"et_pb_text_inner\"><h3>In tutto il mondo<\/h3>\r<\/div>\n\t\t\t<\/div><div class=\"et_pb_module et_d4_element et_pb_divider et_pb_divider_1 et_pb_divider_position_center customized_et_pb_divider_position et_pb_space\"><div class=\"et_pb_divider_internal\"><\/div><\/div><div class=\"et_pb_module et_d4_element et_pb_text et_pb_text_7  et_pb_text_align_right et_pb_bg_layout_light\">\n\t\t\t\t\n\t\t\t\t\n\t\t\t\t\n\t\t\t\t\n\t\t\t\t<div class=\"et_pb_text_inner\"><h2>Uno studio sulla terra.<\/h2>\nFaccio un sacco di fotografia in Ile-de-France. Mi muovo con luce di tipo studio (leggero o piuttosto mobile...)\nLa mia presenza a casa vostra vi offre una tranquillit\u00e0 di disponibilit\u00e0 e comfort insuperabile. Sarete quindi fiduciosi e pi\u00f9 comodi per la sessione in cui vi apparir\u00e0 pi\u00f9 naturale e rilassato. Queste sessioni di casa offrono anche la possibilit\u00e0 di cambiare facilmente e rapidamente vestito per le immagini pi\u00f9 varie. Possiamo quindi mescolare la luce naturale con la luce padronata.\r<\/div>\n\t\t\t<\/div>\n\t\t\t<\/div><div class=\"et_d4_element et_pb_column_1_2 et_pb_column et_pb_column_8  et_pb_css_mix_blend_mode et-last-child et_block_column\">\n\t\t\t\t\n\t\t\t\t\n\t\t\t\t\n\t\t\t\t\n\t\t\t\t<div class=\"et_pb_module et_d4_element et_pb_image et_pb_image_3 et_animated et-waypoint\">\n\t\t\t\t\n\t\t\t\t\n\t\t\t\t\n\t\t\t\t\n\t\t\t\t<span class=\"et_pb_image_wrap has-box-shadow-overlay\"><div class=\"box-shadow-overlay\"><\/div><img loading=\"lazy\" decoding=\"async\" width=\"1024\" height=\"683\" src=\"https:\/\/digipicture.fr\/wp-content\/uploads\/2018\/06\/veronique-nichanian_MG_2457_1024pix.jpg\" alt=\"\" title=\"\" srcset=\"https:\/\/digipicture.fr\/wp-content\/uploads\/2018\/06\/veronique-nichanian_MG_2457_1024pix.jpg 1024w, https:\/\/digipicture.fr\/wp-content\/uploads\/2018\/06\/veronique-nichanian_MG_2457_1024pix-150x100.jpg 150w, https:\/\/digipicture.fr\/wp-content\/uploads\/2018\/06\/veronique-nichanian_MG_2457_1024pix-300x200.jpg 300w, https:\/\/digipicture.fr\/wp-content\/uploads\/2018\/06\/veronique-nichanian_MG_2457_1024pix-768x512.jpg 768w, https:\/\/digipicture.fr\/wp-content\/uploads\/2018\/06\/veronique-nichanian_MG_2457_1024pix-610x407.jpg 610w\" sizes=\"(max-width: 1024px) 100vw, 1024px\" class=\"wp-image-207266\"><\/span>\n\t\t\t<\/div>\n\t\t\t<\/div>\n\t\t\t\t\n\t\t\t\t\n\t\t\t\t\n\t\t\t\t\n\t\t\t<\/div>\n\t\t\t\t\n\t\t\t\t\n\t\t\t<\/div><div class=\"et_d4_element et_pb_section et_pb_section_4  et_pb_css_mix_blend_mode et_section_regular et_block_section\" >\n\t\t\t\t\n\t\t\t\t\n\t\t\t\t\n\t\t\t\t\n\t\t\t\t\n\t\t\t\t\n\t\t\t\t<div class=\"et_d4_element et_pb_row et_pb_row_5  et_pb_css_mix_blend_mode et_block_row\">\n\t\t\t\t<div class=\"et_d4_element et_pb_column_4_4 et_pb_column et_pb_column_9  et_pb_css_mix_blend_mode et-last-child et_block_column et_pb_column_empty\">\n\t\t\t\t\n\t\t\t\t\n\t\t\t\t\n\t\t\t\t\n\t\t\t\t\n\t\t\t<\/div>\n\t\t\t\t\n\t\t\t\t\n\t\t\t\t\n\t\t\t\t\n\t\t\t<\/div>\n\t\t\t\t\n\t\t\t\t\n\t\t\t<\/div><div class=\"et_d4_element et_pb_section et_pb_section_5  et_pb_css_mix_blend_mode et_pb_fullwidth_section et_section_regular et_block_section\" >\n\t\t\t\t\n\t\t\t\t\n\t\t\t\t\n\t\t\t\t\n\t\t\t\t\n\t\t\t\t\n\t\t\t\t<div class=\"et_pb_module et_d4_element et_pb_fullwidth_image et_pb_fullwidth_image_0 et_animated et-waypoint\">\n\t\t\t\t\n\t\t\t\t\n\t\t\t\t\n\t\t\t\t\n\t\t\t\t<img loading=\"lazy\" decoding=\"async\" width=\"3543\" height=\"2362\" src=\"https:\/\/digipicture.fr\/wp-content\/uploads\/2015\/02\/pablosimonetti_5673_a4.jpg\" alt=\"\" title=\"\" srcset=\"https:\/\/digipicture.fr\/wp-content\/uploads\/2015\/02\/pablosimonetti_5673_a4.jpg 3543w, https:\/\/digipicture.fr\/wp-content\/uploads\/2015\/02\/pablosimonetti_5673_a4-150x100.jpg 150w, https:\/\/digipicture.fr\/wp-content\/uploads\/2015\/02\/pablosimonetti_5673_a4-300x200.jpg 300w, https:\/\/digipicture.fr\/wp-content\/uploads\/2015\/02\/pablosimonetti_5673_a4-768x512.jpg 768w, https:\/\/digipicture.fr\/wp-content\/uploads\/2015\/02\/pablosimonetti_5673_a4-1024x683.jpg 1024w, https:\/\/digipicture.fr\/wp-content\/uploads\/2015\/02\/pablosimonetti_5673_a4-157x105.jpg 157w, https:\/\/digipicture.fr\/wp-content\/uploads\/2015\/02\/pablosimonetti_5673_a4-400x267.jpg 400w, https:\/\/digipicture.fr\/wp-content\/uploads\/2015\/02\/pablosimonetti_5673_a4-510x340.jpg 510w, https:\/\/digipicture.fr\/wp-content\/uploads\/2015\/02\/pablosimonetti_5673_a4-610x407.jpg 610w, https:\/\/digipicture.fr\/wp-content\/uploads\/2015\/02\/pablosimonetti_5673_a4-1080x720.jpg 1080w\" sizes=\"(max-width: 3543px) 100vw, 3543px\" class=\"wp-image-1986\">\n\t\t\t\n\t\t\t<\/div>\n\t\t\t\t\n\t\t\t\t\n\t\t\t<\/div><div class=\"et_d4_element et_pb_section et_pb_section_8 et_pb_with_background  et_pb_css_mix_blend_mode et_section_regular et_block_section\" >\n\t\t\t\t\n\t\t\t\t\n\t\t\t\t\n\t\t\t\t\n\t\t\t\t\n\t\t\t\t\n\t\t\t\t<div class=\"et_d4_element et_pb_row et_pb_row_6  et_pb_css_mix_blend_mode et_block_row\">\n\t\t\t\t<div class=\"et_d4_element et_pb_column_1_2 et_pb_column et_pb_column_10  et_pb_css_mix_blend_mode et_block_column\">\n\t\t\t\t\n\t\t\t\t\n\t\t\t\t\n\t\t\t\t\n\t\t\t\t<div class=\"et_pb_module et_d4_element et_pb_text et_pb_text_8  et_pb_text_align_left et_pb_bg_layout_dark\">\n\t\t\t\t\n\t\t\t\t\n\t\t\t\t\n\t\t\t\t\n\t\t\t\t<div class=\"et_pb_text_inner\"><h2>Insieme, facciamo il tuo ritratto.<\/h2>\nMettetevi in contatto oggi per la vostra prossima sessione e parliamo di un caff\u00e8: lasciatemi un messaggio\n\n<strong>Chris @ digipicture<\/strong>\n<strong>183, Rue du Faubourg Saint-Denis, Parigi, fr<\/strong>\n<strong>+33 (0) 660 50 35 82<\/strong>\r<\/div>\n\t\t\t<\/div>\n\t\t\t<\/div><div class=\"et_d4_element et_pb_column_1_2 et_pb_column et_pb_column_11  et_pb_css_mix_blend_mode et-last-child et_block_column\">\n\t\t\t\t\n\t\t\t\t\n\t\t\t\t\n\t\t\t\t\n\t\t\t\t\n\t\t\t<div id=\"et_pb_contact_form_0\" class=\"et_pb_module et_d4_element et_pb_contact_form_0 et_pb_contact_form_container clearfix et_block_module\" data-form_unique_num=\"0\" data-form_unique_id=\"\">\n\t\t\t\t\n\t\t\t\t\n\t\t\t\t\n\t\t\t\t\n\t\t\t\t\n\t\t\t\t<div class=\"et-pb-contact-message\"><\/div>\n\t\t\t\t\n\t\t\t\t<div class=\"et_pb_contact\">\n\t\t\t\t\t<form class=\"et_pb_contact_form clearfix\" method=\"post\" action=\"https:\/\/digipicture.fr\/it\/wp-json\/wp\/v2\/pages\/209586\">\n\t\t\t\t\t\t<p class=\"et_d4_element et_pb_contact_field et_pb_contact_field_0 et_pb_contact_field_half\" data-id=\"name\" data-type=\"input\">\n\t\t\t\t\n\t\t\t\t\n\t\t\t\t\n\t\t\t\t\n\t\t\t\t<label for=\"et_pb_contact_name_0\" class=\"et_pb_contact_form_label\">Il tuo nome<\/label>\n\t\t\t\t<input type=\"text\" id=\"et_pb_contact_name_0\" class=\"input\" value=\"\" name=\"et_pb_contact_name_0\" data-required_mark=\"required\" data-field_type=\"input\" data-original_id=\"name\" placeholder=\"Il tuo nome\">\n\t\t\t<\/p><p class=\"et_d4_element et_pb_contact_field et_pb_contact_field_1 et_pb_contact_field_half et_pb_contact_field_last\" data-id=\"email\" data-type=\"email\">\n\t\t\t\t\n\t\t\t\t\n\t\t\t\t\n\t\t\t\t\n\t\t\t\t<label for=\"et_pb_contact_email_0\" class=\"et_pb_contact_form_label\">Il tuo indirizzo email<\/label>\n\t\t\t\t<input type=\"text\" id=\"et_pb_contact_email_0\" class=\"input\" value=\"\" name=\"et_pb_contact_email_0\" data-required_mark=\"required\" data-field_type=\"email\" data-original_id=\"email\" placeholder=\"Il tuo indirizzo email\">\n\t\t\t<\/p><p class=\"et_d4_element et_pb_contact_field et_pb_contact_field_2 et_pb_contact_field_half\" data-id=\"phone\" data-type=\"input\">\n\t\t\t\t\n\t\t\t\t\n\t\t\t\t\n\t\t\t\t\n\t\t\t\t<label for=\"et_pb_contact_phone_0\" class=\"et_pb_contact_form_label\">Il telefono <\/label>\n\t\t\t\t<input type=\"text\" id=\"et_pb_contact_phone_0\" class=\"input\" value=\"\" name=\"et_pb_contact_phone_0\" data-required_mark=\"not_required\" data-field_type=\"input\" data-original_id=\"phone\" placeholder=\"Il telefono \">\n\t\t\t<\/p><p class=\"et_d4_element et_pb_contact_field et_pb_contact_field_3 et_pb_contact_field_half et_pb_contact_field_last\" data-id=\"date-pdv\" data-type=\"input\">\n\t\t\t\t\n\t\t\t\t\n\t\t\t\t\n\t\t\t\t\n\t\t\t\t<label for=\"et_pb_contact_date-pdv_0\" class=\"et_pb_contact_form_label\">data desiderata per l&#039;appuntamento<\/label>\n\t\t\t\t<input type=\"text\" id=\"et_pb_contact_date-pdv_0\" class=\"input\" value=\"\" name=\"et_pb_contact_date-pdv_0\" data-required_mark=\"required\" data-field_type=\"input\" data-original_id=\"date-pdv\" placeholder=\"data desiderata per l&#039;appuntamento\">\n\t\t\t<\/p><p class=\"et_d4_element et_pb_contact_field et_pb_contact_field_4 et_pb_contact_field_last\" data-id=\"message\" data-type=\"text\">\n\t\t\t\t\n\t\t\t\t\n\t\t\t\t\n\t\t\t\t\n\t\t\t\t<label for=\"et_pb_contact_message_0\" class=\"et_pb_contact_form_label\">Il tuo messaggio<\/label>\n\t\t\t\t<textarea name=\"et_pb_contact_message_0\" id=\"et_pb_contact_message_0\" class=\"et_pb_contact_message input\" data-required_mark=\"required\" data-field_type=\"text\" data-original_id=\"message\" placeholder=\"Il tuo messaggio\"><\/textarea>\n\t\t\t<\/p>\n\t\t\t\t\t\t<input type=\"hidden\" value=\"et_contact_proccess\" name=\"et_pb_contactform_submit_0\"\/>\n\t\t\t\t\t\t<div class=\"et_contact_bottom_container\">\n\t\t\t\t\t\t\t\n\t\t\t\t\t\t\t<button type=\"submit\" name=\"et_builder_submit_button\" class=\"et_pb_contact_submit et_pb_button\" data-icon=\"\ue010\">INVIA<\/button>\n\t\t\t\t\t\t<\/div>\n\t\t\t\t\t\t<input type=\"hidden\" id=\"_wpnonce-et-pb-contact-form-submitted-0\" name=\"_wpnonce-et-pb-contact-form-submitted-0\" value=\"cd1a38c37d\" \/><input type=\"hidden\" name=\"_wp_http_referer\" value=\"\/it\/wp-json\/wp\/v2\/pages\/209586\" \/>\n\t\t\t\t\t<\/form>\n\t\t\t\t<\/div>\n\t\t\t<\/div>\n\t\t\t\n\t\t\t<\/div>\n\t\t\t\t\n\t\t\t\t\n\t\t\t\t\n\t\t\t\t\n\t\t\t<\/div>\n\t\t\t\t\n\t\t\t\t\n\t\t\t<\/div>","protected":false},"excerpt":{"rendered":"<p>I ritratti &#8220;corporate&#8221; fatti da Christophe GLAUDEL avranno varie destinazioni come per esempio un uso sulle pagine di LinkedIn. Ogni persona fotografata ha un approccio personalizzato. La bella immagine professionale prodotta sar\u00e0 una certa risorsa per voi, se siete alla ricerca di un lavoro o di consolidare il vostro business o nuova posizione all&#8217;interno della vostra azienda. Questo foto sar\u00e0 il tuo migliore ambasciatore.<\/p>\n","protected":false},"author":2,"featured_media":209587,"parent":0,"menu_order":0,"comment_status":"closed","ping_status":"closed","template":"","meta":{"_et_pb_use_builder":"on","_et_pb_old_content":"","_et_gb_content_width":"","footnotes":""},"class_list":["post-209586","page","type-page","status-publish","has-post-thumbnail","hentry"],"_links":{"self":[{"href":"https:\/\/digipicture.fr\/it\/wp-json\/wp\/v2\/pages\/209586","targetHints":{"allow":["GET"]}}],"collection":[{"href":"https:\/\/digipicture.fr\/it\/wp-json\/wp\/v2\/pages"}],"about":[{"href":"https:\/\/digipicture.fr\/it\/wp-json\/wp\/v2\/types\/page"}],"author":[{"embeddable":true,"href":"https:\/\/digipicture.fr\/it\/wp-json\/wp\/v2\/users\/2"}],"replies":[{"embeddable":true,"href":"https:\/\/digipicture.fr\/it\/wp-json\/wp\/v2\/comments?post=209586"}],"version-history":[{"count":3,"href":"https:\/\/digipicture.fr\/it\/wp-json\/wp\/v2\/pages\/209586\/revisions"}],"predecessor-version":[{"id":245456,"href":"https:\/\/digipicture.fr\/it\/wp-json\/wp\/v2\/pages\/209586\/revisions\/245456"}],"wp:featuredmedia":[{"embeddable":true,"href":"https:\/\/digipicture.fr\/it\/wp-json\/wp\/v2\/media\/209587"}],"wp:attachment":[{"href":"https:\/\/digipicture.fr\/it\/wp-json\/wp\/v2\/media?parent=209586"}],"curies":[{"name":"wp","href":"https:\/\/api.w.org\/{rel}","templated":true}]}}