{"id":209633,"date":"2018-09-17T14:23:17","date_gmt":"2018-09-17T14:23:17","guid":{"rendered":"https:\/\/digipicture.fr\/comici-ritratti\/"},"modified":"2025-08-03T19:51:47","modified_gmt":"2025-08-03T18:51:47","slug":"comici-ritratti","status":"publish","type":"page","link":"https:\/\/digipicture.fr\/it\/comici-ritratti\/","title":{"rendered":"Comici ritratti-DIJI"},"content":{"rendered":"<div class=\"et_pb_section_0 et_pb_section et_section_regular et_flex_section\"><div class=\"et_pb_row_0 et_pb_row et-vb-row--no-module et_flex_row\"><div class=\"et_d4_element et_pb_column_1_2 et_pb_column et_pb_column_8  et_pb_css_mix_blend_mode et_block_column\">\n\t\t\t\t\n\t\t\t\t\n\t\t\t\t\n\t\t\t\t\n\t\t\t\t<div class=\"et_pb_module et_d4_element et_pb_text et_pb_text_5  et_pb_text_align_left et_pb_bg_layout_dark\">\n\t\t\t\t\n\t\t\t\t\n\t\t\t\t\n\t\t\t\t\n\t\t\t\t<div class=\"et_pb_text_inner\"><h3>Un ritratto di comico<\/h3>\r<\/div>\n\t\t\t<\/div><div class=\"et_pb_module et_d4_element et_pb_text et_pb_text_6  et_pb_text_align_left et_pb_bg_layout_light\">\n\t\t\t\t\n\t\t\t\t\n\t\t\t\t\n\t\t\t\t\n\t\t\t\t<div class=\"et_pb_text_inner\"><h2>Valorizzare - vedi<\/h2>\n\u00c8 ovvio che il genere del ritratto occupa un posto importante per la professione di comico.\n\nUn ritratto \u00e8 importante per la vostra promozione. Propongo a Parigi un servizio di ritratto per attori e attori: un ritratto<span class=\"Apple-converted-space\">  <\/span>Questo sar\u00e0 lo strumento perfetto per mostrare il vostro talento e la personalit\u00e0. Che tu sia un attore, attrice, attore o attrice teatrale, apparire o apparire: questo ritratto pulito ed espressivo diventa il tuo biglietto da business indispensabile.<span class=\"Apple-converted-space\"> <\/span>\r<\/div>\n\t\t\t<\/div>\n\t\t\t<\/div><div class=\"et_d4_element et_pb_column_1_2 et_pb_column et_pb_column_9  et_pb_css_mix_blend_mode et_block_column\">\n\t\t\t\t\n\t\t\t\t\n\t\t\t\t\n\t\t\t\t\n\t\t\t\t<div class=\"et_pb_module et_d4_element et_pb_image et_pb_image_3 et_animated et-waypoint\">\n\t\t\t\t\n\t\t\t\t\n\t\t\t\t\n\t\t\t\t\n\t\t\t\t<span class=\"et_pb_image_wrap has-box-shadow-overlay\"><div class=\"box-shadow-overlay\"><\/div><img loading=\"lazy\" decoding=\"async\" width=\"1280\" height=\"1920\" src=\"https:\/\/digipicture.fr\/wp-content\/uploads\/2017\/02\/2017-Mateo-Cichacki-1796-1k9.jpg\" alt=\"\" title=\"\" srcset=\"https:\/\/digipicture.fr\/wp-content\/uploads\/2017\/02\/2017-Mateo-Cichacki-1796-1k9.jpg 1280w, https:\/\/digipicture.fr\/wp-content\/uploads\/2017\/02\/2017-Mateo-Cichacki-1796-1k9-100x150.jpg 100w, https:\/\/digipicture.fr\/wp-content\/uploads\/2017\/02\/2017-Mateo-Cichacki-1796-1k9-200x300.jpg 200w, https:\/\/digipicture.fr\/wp-content\/uploads\/2017\/02\/2017-Mateo-Cichacki-1796-1k9-768x1152.jpg 768w, https:\/\/digipicture.fr\/wp-content\/uploads\/2017\/02\/2017-Mateo-Cichacki-1796-1k9-683x1024.jpg 683w, https:\/\/digipicture.fr\/wp-content\/uploads\/2017\/02\/2017-Mateo-Cichacki-1796-1k9-105x157.jpg 105w, https:\/\/digipicture.fr\/wp-content\/uploads\/2017\/02\/2017-Mateo-Cichacki-1796-1k9-267x400.jpg 267w, https:\/\/digipicture.fr\/wp-content\/uploads\/2017\/02\/2017-Mateo-Cichacki-1796-1k9-510x765.jpg 510w, https:\/\/digipicture.fr\/wp-content\/uploads\/2017\/02\/2017-Mateo-Cichacki-1796-1k9-610x915.jpg 610w, https:\/\/digipicture.fr\/wp-content\/uploads\/2017\/02\/2017-Mateo-Cichacki-1796-1k9-1080x1620.jpg 1080w\" sizes=\"(max-width: 1280px) 100vw, 1280px\" class=\"wp-image-30414\"><\/span>\n\t\t\t<\/div>\n\t\t\t<\/div><\/div><\/div><div class=\"et_pb_section_1 et_pb_section et_section_regular et_flex_section\"><div class=\"et_pb_row_1 et_pb_row et_flex_row et_animated\"><div class=\"et_pb_column_0 et_pb_column et-last-child et_flex_column et_pb_css_mix_blend_mode_passthrough et_flex_column_24_24 et_flex_column_24_24_tablet et_flex_column_24_24_phone\"><div class=\"et_pb_text_0 et_pb_text et_pb_bg_layout_dark et_pb_module et_flex_module\"><div class=\"et_pb_text_inner\"><h3>Come si svolge una sessione?<\/h3>\n<\/div><\/div><div class=\"et_pb_text_1 et_pb_text et_pb_bg_layout_dark et_animated et_pb_module et_flex_module\"><div class=\"et_pb_text_inner\"><p><b>La sessione dura un'ora a due circa, l'idea \u00e8 quella di avere il tempo di girare intorno al soggetto, di proporvi espressioni diverse, inquadratura diversa, come pure primi piani di accesso molto stretto sul tuo look come grandi progetti che lasciano Percepite il vostro gesto e il vostro atteggiamento. <\/b><\/p>\n<\/div><\/div><\/div><\/div><div class=\"et_pb_row_2 et_pb_row et_flex_row\"><div class=\"et_pb_column_1 et_pb_column et_flex_column et_pb_css_mix_blend_mode_passthrough et_flex_column_24_24 et_flex_column_24_24_tablet et_flex_column_24_24_phone\"><div class=\"et_pb_blurb_0 et_pb_blurb et_pb_bg_layout_dark et_pb_text_align_center et_pb_blurb_position_top et_pb_module et_flex_module\"><div class=\"et_pb_blurb_content et_flex_module\"><div class=\"et_pb_main_blurb_image\"><span class=\"et_pb_image_wrap et_pb_only_image_mode_wrap\"><img loading=\"lazy\" decoding=\"async\" src=\"https:\/\/digipicture.fr\/wp-content\/uploads\/2018\/05\/studio-background-107.png\" width=\"107\" height=\"76\" srcset=\"https:\/\/digipicture.fr\/wp-content\/uploads\/2018\/05\/studio-background-107.png 107w\" sizes=\"(max-width: 107px) 100vw, 107px\" class=\"wp-image-207241\" alt=\"\" title=\"\"><\/span><\/div><div class=\"et_pb_blurb_container\"><h4 class=\"et_pb_module_header\">In studio<\/h4><div class=\"et_pb_blurb_description\"><p>La sessione pu\u00f2 essere effettuata presso lo studio affittato per l'occasione<br \/>\nNel nono arrondissement.<\/p>\n<\/div><\/div><\/div><\/div><\/div><div class=\"et_pb_column_2 et_pb_column et-last-child et_flex_column et_pb_css_mix_blend_mode_passthrough et_flex_column_24_24 et_flex_column_24_24_tablet et_flex_column_24_24_phone\"><div class=\"et_pb_blurb_1 et_pb_blurb et_pb_bg_layout_dark et_pb_text_align_center et_pb_blurb_position_top et_pb_module et_flex_module\"><div class=\"et_pb_blurb_content et_flex_module\"><div class=\"et_pb_main_blurb_image\"><span class=\"et_pb_image_wrap et_pb_only_image_mode_wrap\"><img loading=\"lazy\" decoding=\"async\" src=\"https:\/\/digipicture.fr\/wp-content\/uploads\/2018\/06\/portrait-en-situation-107.png\" width=\"107\" height=\"76\" srcset=\"https:\/\/digipicture.fr\/wp-content\/uploads\/2018\/06\/portrait-en-situation-107.png 107w\" sizes=\"(max-width: 107px) 100vw, 107px\" class=\"wp-image-207285\" alt=\"\" title=\"\"><\/span><\/div><div class=\"et_pb_blurb_container\"><h4 class=\"et_pb_module_header\">All' aperto<\/h4><div class=\"et_pb_blurb_description\"><p>\u00c8 possibile anche una sessione di ritratto all'aperto<br \/>\nIl lavoro si concentrer\u00e0 sul contesto e scenario.<\/p>\n<\/div><\/div><\/div><\/div><\/div><\/div><\/div><div class=\"et_pb_section_2 et_pb_section et_section_regular et_flex_section\"><div class=\"et_pb_row_3 et_pb_row et_flex_row\"><div class=\"et_pb_column_3 et_pb_column et_flex_column et_pb_css_mix_blend_mode_passthrough et_flex_column_24_24 et_flex_column_24_24_tablet et_flex_column_24_24_phone\"><div class=\"et_pb_image_0 et_pb_image et_animated et_pb_module et_flex_module\"><span class=\"et_pb_image_wrap\"><img loading=\"lazy\" decoding=\"async\" src=\"https:\/\/digipicture.fr\/wp-content\/uploads\/2015\/02\/marianorochman_4872_a4.jpg\" width=\"3543\" height=\"2363\" srcset=\"https:\/\/digipicture.fr\/wp-content\/uploads\/2015\/02\/marianorochman_4872_a4.jpg 3543w, https:\/\/digipicture.fr\/wp-content\/uploads\/2015\/02\/marianorochman_4872_a4-150x100.jpg 150w, https:\/\/digipicture.fr\/wp-content\/uploads\/2015\/02\/marianorochman_4872_a4-300x200.jpg 300w, https:\/\/digipicture.fr\/wp-content\/uploads\/2015\/02\/marianorochman_4872_a4-768x512.jpg 768w, https:\/\/digipicture.fr\/wp-content\/uploads\/2015\/02\/marianorochman_4872_a4-1024x683.jpg 1024w, https:\/\/digipicture.fr\/wp-content\/uploads\/2015\/02\/marianorochman_4872_a4-157x105.jpg 157w, https:\/\/digipicture.fr\/wp-content\/uploads\/2015\/02\/marianorochman_4872_a4-400x267.jpg 400w, https:\/\/digipicture.fr\/wp-content\/uploads\/2015\/02\/marianorochman_4872_a4-510x340.jpg 510w, https:\/\/digipicture.fr\/wp-content\/uploads\/2015\/02\/marianorochman_4872_a4-610x407.jpg 610w, https:\/\/digipicture.fr\/wp-content\/uploads\/2015\/02\/marianorochman_4872_a4-1080x720.jpg 1080w\" sizes=\"(max-width: 3543px) 100vw, 3543px\" class=\"wp-image-1981\" alt=\"\" title=\"\"><\/span><\/div><div class=\"et_pb_image_1 et_pb_image et_animated et_pb_module et_flex_module\"><span class=\"et_pb_image_wrap\"><img loading=\"lazy\" decoding=\"async\" src=\"https:\/\/digipicture.fr\/wp-content\/uploads\/2015\/02\/pazfabrega_5550_web.jpg\" width=\"2400\" height=\"1600\" srcset=\"https:\/\/digipicture.fr\/wp-content\/uploads\/2015\/02\/pazfabrega_5550_web.jpg 2400w, https:\/\/digipicture.fr\/wp-content\/uploads\/2015\/02\/pazfabrega_5550_web-150x100.jpg 150w, https:\/\/digipicture.fr\/wp-content\/uploads\/2015\/02\/pazfabrega_5550_web-300x200.jpg 300w, https:\/\/digipicture.fr\/wp-content\/uploads\/2015\/02\/pazfabrega_5550_web-768x512.jpg 768w, https:\/\/digipicture.fr\/wp-content\/uploads\/2015\/02\/pazfabrega_5550_web-1024x683.jpg 1024w, https:\/\/digipicture.fr\/wp-content\/uploads\/2015\/02\/pazfabrega_5550_web-157x105.jpg 157w, https:\/\/digipicture.fr\/wp-content\/uploads\/2015\/02\/pazfabrega_5550_web-400x267.jpg 400w, https:\/\/digipicture.fr\/wp-content\/uploads\/2015\/02\/pazfabrega_5550_web-510x340.jpg 510w, https:\/\/digipicture.fr\/wp-content\/uploads\/2015\/02\/pazfabrega_5550_web-610x407.jpg 610w, https:\/\/digipicture.fr\/wp-content\/uploads\/2015\/02\/pazfabrega_5550_web-1080x720.jpg 1080w\" sizes=\"(max-width: 2400px) 100vw, 2400px\" class=\"wp-image-2002\" alt=\"\" title=\"\"><\/span><\/div><div class=\"et_pb_image_2 et_pb_image et_animated et_pb_module et_flex_module\"><span class=\"et_pb_image_wrap\"><img loading=\"lazy\" decoding=\"async\" src=\"https:\/\/digipicture.fr\/wp-content\/uploads\/2018\/06\/charles-amenyah-JL0A1299_2000p.jpg\" width=\"667\" height=\"1000\" srcset=\"https:\/\/digipicture.fr\/wp-content\/uploads\/2018\/06\/charles-amenyah-JL0A1299_2000p.jpg 667w, https:\/\/digipicture.fr\/wp-content\/uploads\/2018\/06\/charles-amenyah-JL0A1299_2000p-100x150.jpg 100w, https:\/\/digipicture.fr\/wp-content\/uploads\/2018\/06\/charles-amenyah-JL0A1299_2000p-200x300.jpg 200w, https:\/\/digipicture.fr\/wp-content\/uploads\/2018\/06\/charles-amenyah-JL0A1299_2000p-610x915.jpg 610w\" sizes=\"(max-width: 667px) 100vw, 667px\" class=\"wp-image-207316\" alt=\"\" title=\"\"><\/span><\/div><\/div><div class=\"et_pb_column_4 et_pb_column et-last-child et_flex_column et_pb_css_mix_blend_mode_passthrough et_flex_column_24_24 et_flex_column_24_24_tablet et_flex_column_24_24_phone\"><div class=\"et_pb_text_2 et_pb_text et_pb_bg_layout_light et_pb_module et_flex_module\"><div class=\"et_pb_text_inner\"><h3>Il meglio<\/h3>\n<\/div><\/div><div class=\"et_pb_divider_0 et_pb_divider et_pb_space et_pb_divider_position_top et_pb_module\"><div class=\"et_pb_divider_internal\"><\/div><\/div><div class=\"et_pb_text_3 et_pb_text et_pb_bg_layout_light et_pb_module et_flex_module\"><div class=\"et_pb_text_inner\"><h2>Composizione e relax<\/h2>\n<p>Si pu\u00f2 venire con due abiti diversi per avere uno stile diverso e darvi la scelta nel risultato finale, una scelta che vi permetter\u00e0 di rispondere a molte e diverse richieste.<span class=\"Apple-converted-space\"> <\/span><\/p>\n<p>Propongo ovviamente immagini in bianco e nero per una ragione di sobriet\u00e0 ed eleganza. Questo permetter\u00e0 anche l'osservatore di prestare attenzione al tuo viso, ma posso anche comunicare immagini a colori a voi.<span class=\"Apple-converted-space\">  <\/span>Per la sessione, che tu sia un uomo o una donna,<span class=\"Apple-converted-space\">  <\/span>Vi consiglio di avere un trucco che attenua le riflessioni sulla pelle.<\/p>\n<p>Una sessione di studio \u00e8 a \u20ac340 e comprende un'ora e mezza di tiro, una selezione di 30 ritratti ad alta definizione e gratuito per la promozione della vostra attivit\u00e0 come comico\/attore\/apparente.<span class=\"Apple-converted-space\">  <\/span>Pubblicit\u00e0 e diritti di pubblicazione non sono inclusi.<span class=\"Apple-converted-space\">  <\/span>Le mie immagini possono servire per diversi anni e la loro sobriet\u00e0 andr\u00e0 attraverso le modalit\u00e0 e le correnti. Io preferisco un colore scuro di sfondo<span class=\"Apple-converted-space\">  <\/span>Che mette pi\u00f9 avanti l'aspetto e le caratteristiche del viso. Uno sfondo chiaro a volte pu\u00f2 essere adatto anche. \u00c8 importante discutere queste scelte con voi a Monte in modo da avere il miglior servizio e le foto che sono perfettamente di successo e che giocher\u00e0 il loro ruolo nella vostra carriera.<\/p>\n<p>Una sessione all'aperto \u00e8 a \u20ac270 e comprende un'ora o anche due, ma non include le spese di viaggio che saranno a vostre spese se ci muoviamo in uber di beneficiare di diversi luoghi durante la stessa sessione parigina, sia esso un muro lungo  La Senna o una posizione tipica parigina e riconoscibile.<\/p>\n<\/div><\/div><\/div><\/div><\/div><div class=\"et_pb_section_3 et_pb_section et_section_regular et_flex_section\"><div class=\"et_pb_row_4 et_pb_row et_flex_row\"><div class=\"et_pb_column_5 et_pb_column et-last-child et_flex_column et_pb_css_mix_blend_mode_passthrough et_flex_column_24_24 et_flex_column_24_24_tablet et_flex_column_24_24_phone\"><\/div><\/div><\/div><div class=\"et_pb_section_4 et_pb_section et_pb_fullwidth_section et_section_regular et_flex_section\"><div class=\"et_pb_fullwidth_slider_0 et_pb_slider et_slider_auto et_slider_auto_ignore_hover et_slider_speed_7000 et_animated et_pb_module mon-slider-home\"><div class=\"et_pb_slides\"><div class=\"et_pb_slide_0 et_pb_slide et_pb_media_alignment_center et_pb_bg_layout_dark et_pb_text_align_right\" data-slide-id=\"divi\/slide-0\"><div class=\"et_pb_container\"><div class=\"et_pb_slider_container_inner\"><div class=\"et_pb_slide_description et_flex_module\"><h2 class=\"et_pb_slide_title\">Bernadette<\/h2><\/div><\/div><\/div><\/div><div class=\"et_pb_slide_1 et_pb_slide et_pb_media_alignment_center et_pb_bg_layout_dark\" data-slide-id=\"divi\/slide-1\"><div class=\"et_pb_container\"><div class=\"et_pb_slider_container_inner\"><div class=\"et_pb_slide_description et_flex_module\"><h2 class=\"et_pb_slide_title\">Micha\u00ebl<\/h2><\/div><\/div><\/div><\/div><div class=\"et_pb_slide_2 et_pb_slide et_pb_media_alignment_center et_pb_bg_layout_dark et_pb_text_align_right\" data-slide-id=\"divi\/slide-2\"><div class=\"et_pb_container\"><div class=\"et_pb_slider_container_inner\"><div class=\"et_pb_slide_description et_flex_module\"><h2 class=\"et_pb_slide_title\">Pedro<\/h2><\/div><\/div><\/div><\/div><div class=\"et_pb_slide_3 et_pb_slide et_pb_media_alignment_center et_pb_bg_layout_dark\" data-slide-id=\"divi\/slide-3\"><div class=\"et_pb_container\"><div class=\"et_pb_slider_container_inner\"><div class=\"et_pb_slide_description et_flex_module\"><h2 class=\"et_pb_slide_title\">Alekos<\/h2><\/div><\/div><\/div><\/div><div class=\"et_pb_slide_4 et_pb_slide et_pb_media_alignment_center et_pb_bg_layout_dark et_pb_text_align_right\" data-slide-id=\"divi\/slide-4\"><div class=\"et_pb_container\"><div class=\"et_pb_slider_container_inner\"><div class=\"et_pb_slide_description et_flex_module\"><h2 class=\"et_pb_slide_title\">Charles<\/h2><\/div><\/div><\/div><\/div><div class=\"et_pb_slide_5 et_pb_slide et_pb_media_alignment_center et_pb_bg_layout_dark\" data-slide-id=\"divi\/slide-5\"><div class=\"et_pb_container\"><div class=\"et_pb_slider_container_inner\"><div class=\"et_pb_slide_description et_flex_module\"><h2 class=\"et_pb_slide_title\">Dayana &amp; Aubry-Jan<\/h2><\/div><\/div><\/div><\/div><div class=\"et_pb_slide_6 et_pb_slide et_pb_media_alignment_center et_pb_bg_layout_dark\" data-slide-id=\"divi\/slide-6\"><div class=\"et_pb_container\"><div class=\"et_pb_slider_container_inner\"><div class=\"et_pb_slide_description et_flex_module\"><h2 class=\"et_pb_slide_title\">Takeharu<\/h2><\/div><\/div><\/div><\/div><\/div><\/div><\/div><div class=\"et_pb_section_5 et_pb_section et_section_regular et_flex_section\"><div class=\"et_pb_row_5 et_pb_row et_flex_row\"><div class=\"et_pb_column_6 et_pb_column et_flex_column et_pb_css_mix_blend_mode_passthrough et_flex_column_24_24 et_flex_column_24_24_tablet et_flex_column_24_24_phone\"><div class=\"et_pb_text_4 et_pb_text et_pb_bg_layout_dark et_pb_module et_flex_module\"><div class=\"et_pb_text_inner\"><h2>Insieme, facciamo il tuo ritratto.<\/h2>\n<p>Mettetevi in contatto oggi per la vostra prossima sessione e parliamo di un caff\u00e8: lasciatemi un messaggio<\/p>\n<p><strong>Chris @ digipicture<\/strong><br \/>\n<strong>183, Rue du Faubourg Saint-Denis, Parigi, fr<\/strong><br \/>\n<strong>+33 (0) 660 50 35 82<\/strong><\/p>\n<\/div><\/div><\/div><div class=\"et_pb_column_7 et_pb_column et-last-child et_flex_column et_pb_css_mix_blend_mode_passthrough et_flex_column_24_24 et_flex_column_24_24_tablet et_flex_column_24_24_phone\"><div class=\"et_pb_contact_form_0 et_pb_contact_form_container clearfix et_pb_module et_flex_module\" data-form_unique_num=\"0\" data-form_unique_id=\"7067d836e5cc6b8d0df5f1ee01accc26\" id=\"et_pb_contact_form_0\"><div class=\"et-pb-contact-message\"><\/div><div class=\"et_pb_contact\"><form class=\"et_pb_contact_form et_flex_module\" method=\"post\" action=\"https:\/\/digipicture.fr\/it\/wp-json\/wp\/v2\/pages\/209633\"><div class=\"et_pb_contact_field_0 et_pb_contact_field et_pb_module et_flex_module et_flex_column_24_24 et_flex_column_24_24_tablet et_flex_column_24_24_phone\" data-id=\"name\" data-type=\"input\"><label class=\"et_pb_contact_form_label\" for=\"et_pb_contact_0_name_0\">Il tuo nome<\/label><input type=\"text\" name=\"et_pb_contact_0_name_0\" id=\"et_pb_contact_0_name_0\" class=\"input\" data-required_mark=\"required\" data-field_type=\"input\" data-original_id=\"name\" placeholder=\"Il tuo nome\" title=\"\" value=\"\" \/><\/div><div class=\"et_pb_contact_field_1 et_pb_contact_field et_pb_module et_flex_module et_flex_column_24_24 et_flex_column_24_24_tablet et_flex_column_24_24_phone\" data-id=\"email\" data-type=\"email\"><label class=\"et_pb_contact_form_label\" for=\"et_pb_contact_0_email_1\">Il tuo indirizzo email<\/label><input type=\"text\" name=\"et_pb_contact_0_email_1\" id=\"et_pb_contact_0_email_1\" class=\"input\" data-required_mark=\"required\" data-field_type=\"email\" data-original_id=\"email\" placeholder=\"Il tuo indirizzo email\" title=\"\" value=\"\" \/><\/div><div class=\"et_pb_contact_field_2 et_pb_contact_field et_pb_module et_flex_module et_flex_column_24_24 et_flex_column_24_24_tablet et_flex_column_24_24_phone\" data-id=\"phone\" data-type=\"input\"><label class=\"et_pb_contact_form_label\" for=\"et_pb_contact_0_phone_2\">Il telefono <\/label><input type=\"text\" name=\"et_pb_contact_0_phone_2\" id=\"et_pb_contact_0_phone_2\" class=\"input\" data-required_mark=\"not_required\" data-field_type=\"input\" data-original_id=\"phone\" placeholder=\"Il telefono \" title=\"\" value=\"\" \/><\/div><div class=\"et_pb_contact_field_3 et_pb_contact_field et_pb_module et_flex_module et_flex_column_24_24 et_flex_column_24_24_tablet et_flex_column_24_24_phone\" data-id=\"date-pdv\" data-type=\"input\"><label class=\"et_pb_contact_form_label\" for=\"et_pb_contact_0_date-pdv_3\">data desiderata per l'appuntamento<\/label><input type=\"text\" name=\"et_pb_contact_0_date-pdv_3\" id=\"et_pb_contact_0_date-pdv_3\" class=\"input\" data-required_mark=\"required\" data-field_type=\"input\" data-original_id=\"date-pdv\" placeholder=\"data desiderata per l&#039;appuntamento\" title=\"\" value=\"\" \/><\/div><div class=\"et_pb_contact_field_4 et_pb_contact_field et_pb_module et_flex_module et_flex_column_24_24 et_flex_column_24_24_tablet et_flex_column_24_24_phone\" data-id=\"message\" data-type=\"text\"><label class=\"et_pb_contact_form_label\" for=\"et_pb_contact_0_message_4\">Il tuo messaggio<\/label><textarea name=\"et_pb_contact_0_message_4\" id=\"et_pb_contact_0_message_4\" class=\"et_pb_contact_message input\" data-required_mark=\"required\" data-field_type=\"text\" data-original_id=\"message\" placeholder=\"Il tuo messaggio\"><\/textarea><\/div><input type=\"hidden\" name=\"et_pb_contactform_submit_7067d836e5cc6b8d0df5f1ee01accc26\" value=\"et_contact_proccess\" \/><div class=\"et_contact_bottom_container\"><div class=\"et_pb_button_wrapper\"><button type=\"submit\" name=\"et_builder_submit_button\" class=\"et_pb_button et_pb_contact_submit\">INVIA<\/button><\/div><\/div><input type=\"hidden\" id=\"_wpnonce-et-pb-contact-form-submitted-7067d836e5cc6b8d0df5f1ee01accc26\" name=\"_wpnonce-et-pb-contact-form-submitted-7067d836e5cc6b8d0df5f1ee01accc26\" value=\"ecfc13537d\" \/><input type=\"hidden\" name=\"_wp_http_referer\" value=\"\/it\/wp-json\/wp\/v2\/pages\/209633\" \/><\/form><\/div><\/div><\/div><\/div><\/div>","protected":false},"excerpt":{"rendered":"","protected":false},"author":2,"featured_media":0,"parent":0,"menu_order":0,"comment_status":"closed","ping_status":"closed","template":"","meta":{"_et_pb_use_builder":"on","_et_pb_old_content":"","_et_gb_content_width":"","footnotes":""},"class_list":["post-209633","page","type-page","status-publish","hentry"],"_links":{"self":[{"href":"https:\/\/digipicture.fr\/it\/wp-json\/wp\/v2\/pages\/209633","targetHints":{"allow":["GET"]}}],"collection":[{"href":"https:\/\/digipicture.fr\/it\/wp-json\/wp\/v2\/pages"}],"about":[{"href":"https:\/\/digipicture.fr\/it\/wp-json\/wp\/v2\/types\/page"}],"author":[{"embeddable":true,"href":"https:\/\/digipicture.fr\/it\/wp-json\/wp\/v2\/users\/2"}],"replies":[{"embeddable":true,"href":"https:\/\/digipicture.fr\/it\/wp-json\/wp\/v2\/comments?post=209633"}],"version-history":[{"count":4,"href":"https:\/\/digipicture.fr\/it\/wp-json\/wp\/v2\/pages\/209633\/revisions"}],"predecessor-version":[{"id":245609,"href":"https:\/\/digipicture.fr\/it\/wp-json\/wp\/v2\/pages\/209633\/revisions\/245609"}],"wp:attachment":[{"href":"https:\/\/digipicture.fr\/it\/wp-json\/wp\/v2\/media?parent=209633"}],"curies":[{"name":"wp","href":"https:\/\/api.w.org\/{rel}","templated":true}]}}